{"id":3387,"date":"2026-01-04T22:29:57","date_gmt":"2026-01-04T19:29:57","guid":{"rendered":"https:\/\/leadyapi.com.tr\/?post_type=product&#038;p=3387"},"modified":"2026-01-04T22:29:57","modified_gmt":"2026-01-04T19:29:57","slug":"megafilm-a201","status":"publish","type":"product","link":"https:\/\/leadyapi.com.tr\/index.php\/urun\/megafilm-a201\/","title":{"rendered":"MegaFilm A201"},"content":{"rendered":"","protected":false},"excerpt":{"rendered":"<p><strong>Polimer em\u00fclsiyon esasl\u0131, tek bile\u015fenli, uygulama \u00f6ncesi beton ve har\u00e7 y\u00fczeylerin su emicili\u011fini dengeleyen, solvent i\u00e7ermeyen, kullan\u0131ma haz\u0131r y\u00fczey haz\u0131rlay\u0131c\u0131 astard\u0131r.\u00a0<\/strong><\/p>\n<section class=\"av_textblock_section av-mgmdfgcg-2a16c69f5ea40acdf71b1aa46b3eac0e \">\n<div class=\"avia_textblock\">\n<h4>\u00dcR\u00dcN AVANTAJLARI<\/h4>\n<\/div>\n<\/section>\n<section class=\"av_textblock_section av-mgmdfqm1-27bdba25c7084b9e174084b52dcdba75 \">\n<div class=\"avia_textblock\">\n<ul>\n<li>Y\u00fczey emicili\u011fini azaltarak y\u00fczeyi uygulamaya haz\u0131r hale getirir.<\/li>\n<li>Emprenye \u00f6zelli\u011fi ile y\u00fczeye i\u015fleyerek tozumay\u0131 engeller.<\/li>\n<li>Kullan\u0131ma haz\u0131rd\u0131r, h\u0131zl\u0131 ve kolay uygulan\u0131r.<\/li>\n<li>Solvent i\u00e7ermez, \u00e7evre dostudur.<\/li>\n<\/ul>\n<div class=\"main_color container_wrap_first container_wrap fullsize\">\n<div class=\"container av-section-cont-open\"><main class=\"template-page content  av-content-full alpha units\" role=\"main\"><\/p>\n<div class=\"post-entry post-entry-type-page post-entry-5015\">\n<div class=\"entry-content-wrapper clearfix\">\n<div class=\"flex_column av-22c2qv-e82614784ecf2cfe4c49304440fe0182 av_one_third  avia-builder-el-8  el_after_av_two_third  el_before_av_toggle_container  flex_column_div  column-top-margin\">\n<section class=\"av_textblock_section av-mgmdg26l-72206644bbe211a9f2e8530c43901771 \">\n<div class=\"avia_textblock\">\n<h4>TEKN\u0130K BELGELER<\/h4>\n<\/div>\n<\/section>\n<section class=\"av_textblock_section av-mgmdg9ur-d671d27349e016f48554d83f7aa80665 \">\n<div class=\"avia_textblock\">\n<p><a class=\"alignnone\" href=\"https:\/\/www.kyk.com.tr\/wp-content\/uploads\/2025\/10\/a201_tds.pdf\" target=\"_blank\" rel=\"noopener\"><img loading=\"lazy\" decoding=\"async\" class=\"alignnone wp-image-8657 size-full\" src=\"https:\/\/www.kyk.com.tr\/wp-content\/uploads\/2025\/10\/TDS_1.jpg\" sizes=\"auto, (max-width: 410px) 100vw, 410px\" srcset=\"https:\/\/www.kyk.com.tr\/wp-content\/uploads\/2025\/10\/TDS_1.jpg 410w, https:\/\/www.kyk.com.tr\/wp-content\/uploads\/2025\/10\/TDS_1-300x30.jpg 300w\" alt=\"\" width=\"410\" height=\"41\" \/><\/a><br \/>\n<a class=\"alignnone\" href=\"https:\/\/www.kyk.com.tr\/wp-content\/uploads\/2025\/10\/a201_msds.pdf\" target=\"_blank\" rel=\"noopener\"><img loading=\"lazy\" decoding=\"async\" class=\"alignnone size-full wp-image-8656\" src=\"https:\/\/www.kyk.com.tr\/wp-content\/uploads\/2025\/10\/MSDS_1.jpg\" sizes=\"auto, (max-width: 410px) 100vw, 410px\" srcset=\"https:\/\/www.kyk.com.tr\/wp-content\/uploads\/2025\/10\/MSDS_1.jpg 410w, https:\/\/www.kyk.com.tr\/wp-content\/uploads\/2025\/10\/MSDS_1-300x30.jpg 300w\" alt=\"\" width=\"410\" height=\"41\" \/><\/a><br \/>\n<a class=\"alignnone\" href=\"https:\/\/www.kyk.com.tr\/?sdm_process_download=1&amp;download_id=9458\" target=\"_blank\" rel=\"noopener\"><img loading=\"lazy\" decoding=\"async\" class=\"alignnone size-full wp-image-8656\" src=\"https:\/\/www.kyk.com.tr\/wp-content\/uploads\/2025\/10\/CE.jpg\" alt=\"\" width=\"410\" height=\"41\" \/><\/a><\/p>\n<\/div>\n<\/section>\n<\/div>\n<div class=\"togglecontainer av-mgmdje06-72705362e86567442dc59b97cc861b9a av-minimal-toggle avia-builder-el-11 el_after_av_one_third avia-builder-el-last toggle_close_all enable_toggles\">\n<section class=\"av_toggle_section av-mgmdgtgs-af1f32e36daaf21fc1be0fe3262a2768\">\n<div class=\"single_toggle\" role=\"tablist\" data-tags=\"{T\u00fcm\u00fc} \">\n<div id=\"toggle-id-1\" class=\"toggle_wrap  av-title-above\" tabindex=\"-1\" role=\"region\" aria-labelledby=\"toggle-toggle-id-1\" aria-hidden=\"true\">\n<div class=\"toggle_content invers-color \"><\/div>\n<\/div>\n<\/div>\n<\/section>\n<\/div>\n<\/div>\n<\/div>\n<p><\/main><\/div>\n<\/div>\n<div id=\"footer\" class=\"container_wrap footer_color\">\n<div class=\"container\">\n<div class=\"flex_column   first el_before_\"><\/div>\n<\/div>\n<\/div>\n<\/div>\n<\/section>\n","protected":false},"featured_media":3388,"comment_status":"open","ping_status":"closed","template":"","meta":[],"product_brand":[142],"product_cat":[146],"product_tag":[],"class_list":{"0":"post-3387","1":"product","2":"type-product","3":"status-publish","4":"has-post-thumbnail","6":"product_brand-kyk-yapi-kimyasallari","7":"product_cat-astarlar","9":"first","10":"instock","11":"shipping-taxable","12":"product-type-simple"},"_links":{"self":[{"href":"https:\/\/leadyapi.com.tr\/index.php\/wp-json\/wp\/v2\/product\/3387","targetHints":{"allow":["GET"]}}],"collection":[{"href":"https:\/\/leadyapi.com.tr\/index.php\/wp-json\/wp\/v2\/product"}],"about":[{"href":"https:\/\/leadyapi.com.tr\/index.php\/wp-json\/wp\/v2\/types\/product"}],"replies":[{"embeddable":true,"href":"https:\/\/leadyapi.com.tr\/index.php\/wp-json\/wp\/v2\/comments?post=3387"}],"wp:featuredmedia":[{"embeddable":true,"href":"https:\/\/leadyapi.com.tr\/index.php\/wp-json\/wp\/v2\/media\/3388"}],"wp:attachment":[{"href":"https:\/\/leadyapi.com.tr\/index.php\/wp-json\/wp\/v2\/media?parent=3387"}],"wp:term":[{"taxonomy":"product_brand","embeddable":true,"href":"https:\/\/leadyapi.com.tr\/index.php\/wp-json\/wp\/v2\/product_brand?post=3387"},{"taxonomy":"product_cat","embeddable":true,"href":"https:\/\/leadyapi.com.tr\/index.php\/wp-json\/wp\/v2\/product_cat?post=3387"},{"taxonomy":"product_tag","embeddable":true,"href":"https:\/\/leadyapi.com.tr\/index.php\/wp-json\/wp\/v2\/product_tag?post=3387"}],"curies":[{"name":"wp","href":"https:\/\/api.w.org\/{rel}","templated":true}]}}