{"id":3385,"date":"2026-01-04T22:28:01","date_gmt":"2026-01-04T19:28:01","guid":{"rendered":"https:\/\/leadyapi.com.tr\/?post_type=product&#038;p=3385"},"modified":"2026-01-04T22:28:01","modified_gmt":"2026-01-04T19:28:01","slug":"megafilm-visko-a203","status":"publish","type":"product","link":"https:\/\/leadyapi.com.tr\/index.php\/urun\/megafilm-visko-a203\/","title":{"rendered":"MegaFilm Visko A203"},"content":{"rendered":"","protected":false},"excerpt":{"rendered":"<p><strong>Polimer em\u00fclsiyon esasl\u0131, tek bile\u015fenli, dolgulu, i\u00e7 ve d\u0131\u015f mekanlarda seramik \u00fczeri seramik, ah\u015fap \u00fczeri seramik gibi uygulamalarda yap\u0131\u015ft\u0131rma i\u015fleminden \u00f6nce aderans artt\u0131r\u0131c\u0131 olarak kullan\u0131lan, solvent i\u00e7ermeyen, kullan\u0131ma haz\u0131r, y\u00fczey haz\u0131rlay\u0131c\u0131 astard\u0131r.<\/strong><\/p>\n<section class=\"av_textblock_section av-mgmdmtck-31300db06dcc94aba29e0f9aa0f24a3b \">\n<div class=\"avia_textblock\">\n<h4>\u00dcR\u00dcN AVANTAJLARI<\/h4>\n<\/div>\n<\/section>\n<section class=\"av_textblock_section av-mgmdn6z1-df0f37041c3c06ab83c994a5df60400b \">\n<div class=\"avia_textblock\">\n<ul>\n<li>Seramik \u00fczeri seramik uygulamalar\u0131nda, aderans artt\u0131r\u0131c\u0131 astar olarak eski seramik y\u00fczeyin k\u0131r\u0131lmas\u0131na gerek kalmadan, yeni kaplama malzemelerinin yap\u0131\u015ft\u0131r\u0131lmas\u0131n\u0131 sa\u011flar.<\/li>\n<li>Eski seramik y\u00fczeyin k\u0131r\u0131lmas\u0131 sonucu olu\u015fabilecek at\u0131klar\u0131 engeller.<\/li>\n<li>Cams\u0131 y\u00fczeylerde kendinden sonra uygulanacak malzemenin y\u00fczey aderans\u0131n\u0131 artt\u0131r\u0131r.<\/li>\n<li>Kullan\u0131ma haz\u0131rd\u0131r, h\u0131zl\u0131 ve kolay uygulan\u0131r.<\/li>\n<li>Solvent i\u00e7ermez, \u00e7evre dostudur.<\/li>\n<\/ul>\n<\/div>\n<\/section>\n<div class=\"main_color container_wrap_first container_wrap fullsize\">\n<div class=\"container av-section-cont-open\"><main class=\"template-page content  av-content-full alpha units\" role=\"main\"><\/p>\n<div class=\"post-entry post-entry-type-page post-entry-5020\">\n<div class=\"entry-content-wrapper clearfix\">\n<div class=\"flex_column av-22qv5o-b1dcb61cab483bd9d5a2dc557ff55f60 av_one_third  avia-builder-el-8  el_after_av_two_third  el_before_av_toggle_container  flex_column_div  column-top-margin\">\n<section class=\"av_textblock_section av-mgmdnocx-95a7dfbf18433a18b044ceae1372d33f \">\n<div class=\"avia_textblock\">\n<h4>TEKN\u0130K BELGELER<\/h4>\n<\/div>\n<\/section>\n<section class=\"av_textblock_section av-mgmdnuxo-78ee9d704fc46a1599158ae7a1a9d925 \">\n<div class=\"avia_textblock\">\n<p><a class=\"alignnone\" href=\"https:\/\/www.kyk.com.tr\/wp-content\/uploads\/2025\/10\/a203_tds.pdf\" target=\"_blank\" rel=\"noopener\"><img loading=\"lazy\" decoding=\"async\" class=\"alignnone wp-image-8657 size-full\" src=\"https:\/\/www.kyk.com.tr\/wp-content\/uploads\/2025\/10\/TDS_1.jpg\" sizes=\"auto, (max-width: 410px) 100vw, 410px\" srcset=\"https:\/\/www.kyk.com.tr\/wp-content\/uploads\/2025\/10\/TDS_1.jpg 410w, https:\/\/www.kyk.com.tr\/wp-content\/uploads\/2025\/10\/TDS_1-300x30.jpg 300w\" alt=\"\" width=\"410\" height=\"41\" \/><\/a><br \/>\n<a class=\"alignnone\" href=\"https:\/\/www.kyk.com.tr\/wp-content\/uploads\/2025\/10\/a203_msds.pdf\" target=\"_blank\" rel=\"noopener\"><img loading=\"lazy\" decoding=\"async\" class=\"alignnone size-full wp-image-8656\" src=\"https:\/\/www.kyk.com.tr\/wp-content\/uploads\/2025\/10\/MSDS_1.jpg\" sizes=\"auto, (max-width: 410px) 100vw, 410px\" srcset=\"https:\/\/www.kyk.com.tr\/wp-content\/uploads\/2025\/10\/MSDS_1.jpg 410w, https:\/\/www.kyk.com.tr\/wp-content\/uploads\/2025\/10\/MSDS_1-300x30.jpg 300w\" alt=\"\" width=\"410\" height=\"41\" \/><\/a><br \/>\n<a class=\"alignnone\" href=\"https:\/\/www.kyk.com.tr\/?sdm_process_download=1&amp;download_id=9460\" target=\"_blank\" rel=\"noopener\"><img loading=\"lazy\" decoding=\"async\" class=\"alignnone size-full wp-image-8656\" src=\"https:\/\/www.kyk.com.tr\/wp-content\/uploads\/2025\/10\/CE.jpg\" alt=\"\" width=\"410\" height=\"41\" \/><\/a><\/p>\n<\/div>\n<\/section>\n<\/div>\n<div class=\"togglecontainer av-mgmdr1ph-94b05585a1c83281caca6450c7d9aea3 av-minimal-toggle avia-builder-el-11 el_after_av_one_third avia-builder-el-last toggle_close_all enable_toggles\">\n<section class=\"av_toggle_section av-mgmdodbu-4cf60a6f42a2f68e5c1ff0c9f9bf5998\">\n<div class=\"single_toggle\" role=\"tablist\" data-tags=\"{T\u00fcm\u00fc} \">\n<div id=\"toggle-id-1\" class=\"toggle_wrap  av-title-above\" tabindex=\"-1\" role=\"region\" aria-labelledby=\"toggle-toggle-id-1\" aria-hidden=\"true\">\n<div class=\"toggle_content invers-color \">\n<p>&nbsp;<\/p>\n<\/div>\n<\/div>\n<\/div>\n<\/section>\n<section class=\"av_toggle_section av-mgmdp0zl-9792701f2b8e930f383f17074dc31ea9\">\n<div class=\"single_toggle\" role=\"tablist\" data-tags=\"{T\u00fcm\u00fc} \">\n<div id=\"toggle-id-2\" class=\"toggle_wrap  av-title-above\" tabindex=\"-1\" role=\"region\" aria-labelledby=\"toggle-toggle-id-2\" aria-hidden=\"true\"><\/div>\n<\/div>\n<\/section>\n<\/div>\n<\/div>\n<\/div>\n<p><\/main><\/div>\n<\/div>\n<div id=\"footer\" class=\"container_wrap footer_color\">\n<div class=\"container\">\n<div class=\"flex_column   first el_before_\"><\/div>\n<\/div>\n<\/div>\n","protected":false},"featured_media":3386,"comment_status":"open","ping_status":"closed","template":"","meta":[],"product_brand":[142],"product_cat":[146],"product_tag":[],"class_list":{"0":"post-3385","1":"product","2":"type-product","3":"status-publish","4":"has-post-thumbnail","6":"product_brand-kyk-yapi-kimyasallari","7":"product_cat-astarlar","9":"first","10":"instock","11":"shipping-taxable","12":"product-type-simple"},"_links":{"self":[{"href":"https:\/\/leadyapi.com.tr\/index.php\/wp-json\/wp\/v2\/product\/3385","targetHints":{"allow":["GET"]}}],"collection":[{"href":"https:\/\/leadyapi.com.tr\/index.php\/wp-json\/wp\/v2\/product"}],"about":[{"href":"https:\/\/leadyapi.com.tr\/index.php\/wp-json\/wp\/v2\/types\/product"}],"replies":[{"embeddable":true,"href":"https:\/\/leadyapi.com.tr\/index.php\/wp-json\/wp\/v2\/comments?post=3385"}],"wp:featuredmedia":[{"embeddable":true,"href":"https:\/\/leadyapi.com.tr\/index.php\/wp-json\/wp\/v2\/media\/3386"}],"wp:attachment":[{"href":"https:\/\/leadyapi.com.tr\/index.php\/wp-json\/wp\/v2\/media?parent=3385"}],"wp:term":[{"taxonomy":"product_brand","embeddable":true,"href":"https:\/\/leadyapi.com.tr\/index.php\/wp-json\/wp\/v2\/product_brand?post=3385"},{"taxonomy":"product_cat","embeddable":true,"href":"https:\/\/leadyapi.com.tr\/index.php\/wp-json\/wp\/v2\/product_cat?post=3385"},{"taxonomy":"product_tag","embeddable":true,"href":"https:\/\/leadyapi.com.tr\/index.php\/wp-json\/wp\/v2\/product_tag?post=3385"}],"curies":[{"name":"wp","href":"https:\/\/api.w.org\/{rel}","templated":true}]}}