{"id":3379,"date":"2026-01-04T22:20:39","date_gmt":"2026-01-04T19:20:39","guid":{"rendered":"https:\/\/leadyapi.com.tr\/?post_type=product&#038;p=3379"},"modified":"2026-01-04T22:20:39","modified_gmt":"2026-01-04T19:20:39","slug":"megafilm-a205","status":"publish","type":"product","link":"https:\/\/leadyapi.com.tr\/index.php\/urun\/megafilm-a205\/","title":{"rendered":"MegaFilm A205"},"content":{"rendered":"","protected":false},"excerpt":{"rendered":"<p><strong>Polimer em\u00fclsiyon esasl\u0131, tek bile\u015fenli, y\u00fcksek yap\u0131\u015fma g\u00fcc\u00fcne sahip, mat, gri renkte, solvent i\u00e7ermeyen, dolgulu dekoratif kaplamalar i\u00e7in y\u00fczey haz\u0131rlay\u0131c\u0131 astard\u0131r.<\/strong><\/p>\n<section class=\"av_textblock_section av-mgmewmda-ff640e723c55609c97eb651c2303d1f6 \">\n<div class=\"avia_textblock\">\n<h4>\u00dcR\u00dcN AVANTAJLARI<\/h4>\n<\/div>\n<\/section>\n<section class=\"av_textblock_section av-mgmewv0z-c036d546c632797554001997cb99ab51 \">\n<div class=\"avia_textblock\">\n<ul>\n<li>Kendisinden sonra uygulanacak dekoratif kaplama malzemesinin daha kolay desen verilmesine katk\u0131 sa\u011flar.<\/li>\n<li>Y\u00fczey emicili\u011fini dengeler.<\/li>\n<li>Y\u00fcksek kapatma g\u00fcc\u00fcne sahiptir.<\/li>\n<li>Kullan\u0131ma haz\u0131rd\u0131r, h\u0131zl\u0131 ve kolay uygulan\u0131r.<\/li>\n<li>Solvent i\u00e7ermez, \u00e7evre dostudur.<\/li>\n<\/ul>\n<section class=\"av_textblock_section av-mgmexad3-dc687e7389322155cdcee2d037f0a365 \">\n<div class=\"avia_textblock\">\n<h4>TEKN\u0130K BELGELER<\/h4>\n<\/div>\n<\/section>\n<section class=\"av_textblock_section av-mgmexi2r-6033685a06e753d1d7b27e8530dbe956 \">\n<div class=\"avia_textblock\">\n<p><a class=\"alignnone\" href=\"https:\/\/www.kyk.com.tr\/wp-content\/uploads\/2025\/11\/a205_tds.pdf\" target=\"_blank\" rel=\"noopener\"><img loading=\"lazy\" decoding=\"async\" class=\"alignnone wp-image-8657 size-full\" src=\"https:\/\/www.kyk.com.tr\/wp-content\/uploads\/2025\/10\/TDS_1.jpg\" sizes=\"auto, (max-width: 410px) 100vw, 410px\" srcset=\"https:\/\/www.kyk.com.tr\/wp-content\/uploads\/2025\/10\/TDS_1.jpg 410w, https:\/\/www.kyk.com.tr\/wp-content\/uploads\/2025\/10\/TDS_1-300x30.jpg 300w\" alt=\"\" width=\"410\" height=\"41\" \/><\/a><br \/>\n<a class=\"alignnone\" href=\"https:\/\/www.kyk.com.tr\/wp-content\/uploads\/2025\/05\/a205_msds.pdf\" target=\"_blank\" rel=\"noopener\"><img loading=\"lazy\" decoding=\"async\" class=\"alignnone size-full wp-image-8656\" src=\"https:\/\/www.kyk.com.tr\/wp-content\/uploads\/2025\/10\/MSDS_1.jpg\" sizes=\"auto, (max-width: 410px) 100vw, 410px\" srcset=\"https:\/\/www.kyk.com.tr\/wp-content\/uploads\/2025\/10\/MSDS_1.jpg 410w, https:\/\/www.kyk.com.tr\/wp-content\/uploads\/2025\/10\/MSDS_1-300x30.jpg 300w\" alt=\"\" width=\"410\" height=\"41\" \/><\/a><br \/>\n<a class=\"alignnone\" href=\"https:\/\/www.kyk.com.tr\/?sdm_process_download=1&amp;download_id=9468\" target=\"_blank\" rel=\"noopener\"><img loading=\"lazy\" decoding=\"async\" class=\"alignnone size-full wp-image-8656\" src=\"https:\/\/www.kyk.com.tr\/wp-content\/uploads\/2025\/10\/CE.jpg\" alt=\"\" width=\"410\" height=\"41\" \/><\/a><\/p>\n<\/div>\n<\/section>\n<\/div>\n<\/section>\n","protected":false},"featured_media":3380,"comment_status":"open","ping_status":"closed","template":"","meta":[],"product_brand":[142],"product_cat":[146],"product_tag":[],"class_list":{"0":"post-3379","1":"product","2":"type-product","3":"status-publish","4":"has-post-thumbnail","6":"product_brand-kyk-yapi-kimyasallari","7":"product_cat-astarlar","9":"first","10":"instock","11":"shipping-taxable","12":"product-type-simple"},"_links":{"self":[{"href":"https:\/\/leadyapi.com.tr\/index.php\/wp-json\/wp\/v2\/product\/3379","targetHints":{"allow":["GET"]}}],"collection":[{"href":"https:\/\/leadyapi.com.tr\/index.php\/wp-json\/wp\/v2\/product"}],"about":[{"href":"https:\/\/leadyapi.com.tr\/index.php\/wp-json\/wp\/v2\/types\/product"}],"replies":[{"embeddable":true,"href":"https:\/\/leadyapi.com.tr\/index.php\/wp-json\/wp\/v2\/comments?post=3379"}],"wp:featuredmedia":[{"embeddable":true,"href":"https:\/\/leadyapi.com.tr\/index.php\/wp-json\/wp\/v2\/media\/3380"}],"wp:attachment":[{"href":"https:\/\/leadyapi.com.tr\/index.php\/wp-json\/wp\/v2\/media?parent=3379"}],"wp:term":[{"taxonomy":"product_brand","embeddable":true,"href":"https:\/\/leadyapi.com.tr\/index.php\/wp-json\/wp\/v2\/product_brand?post=3379"},{"taxonomy":"product_cat","embeddable":true,"href":"https:\/\/leadyapi.com.tr\/index.php\/wp-json\/wp\/v2\/product_cat?post=3379"},{"taxonomy":"product_tag","embeddable":true,"href":"https:\/\/leadyapi.com.tr\/index.php\/wp-json\/wp\/v2\/product_tag?post=3379"}],"curies":[{"name":"wp","href":"https:\/\/api.w.org\/{rel}","templated":true}]}}