{"id":3187,"date":"2026-01-04T15:44:30","date_gmt":"2026-01-04T12:44:30","guid":{"rendered":"https:\/\/leadyapi.com.tr\/?post_type=product&#038;p=3187"},"modified":"2026-01-04T15:44:30","modified_gmt":"2026-01-04T12:44:30","slug":"megaflex-y103","status":"publish","type":"product","link":"https:\/\/leadyapi.com.tr\/index.php\/urun\/megaflex-y103\/","title":{"rendered":"MegaFlex Y103"},"content":{"rendered":"","protected":false},"excerpt":{"rendered":"<div class=\"flex_column av-5sxiqj-102dca6d28a5839a7236aa7002a28281 av_one_half  avia-builder-el-2  el_after_av_one_fourth  el_before_av_two_third  flex_column_div  \">\n<section class=\"av_textblock_section av-mgiaeg88-6791c6a80ea0abb7e9b4318046821ef9 \">\n<div class=\"avia_textblock\">\n<p><strong>\u00c7imento esasl\u0131, tek bile\u015fenli, kayma \u00f6zelli\u011fi azalt\u0131lm\u0131\u015f, y\u00fcksek yap\u0131\u015fma g\u00fcc\u00fc ve y\u00fcksek elastikiyet \u00f6zelli\u011fine sahip, \u0131s\u0131 de\u011fi\u015fikli\u011fine, suya ve dona dayan\u0131kl\u0131, geli\u015ftirilmi\u015f, \u00e7al\u0131\u015fma s\u00fcresi uzat\u0131lm\u0131\u015f, seramik, granit seramik, granit, mermer, do\u011fal ta\u015f, porselen gibi b\u00fcy\u00fck ebatl\u0131 kaplama malzemesi\u00a0C2TE S1\u00a0s\u0131n\u0131f\u0131 yap\u0131\u015ft\u0131rma harc\u0131d\u0131r.<\/strong><\/p>\n<p><img loading=\"lazy\" decoding=\"async\" class=\"alignnone size-thumbnail wp-image-9566\" src=\"https:\/\/www.kyk.com.tr\/wp-content\/uploads\/2025\/11\/C2TES1-80x80.png\" sizes=\"auto, (max-width: 80px) 100vw, 80px\" srcset=\"https:\/\/www.kyk.com.tr\/wp-content\/uploads\/2025\/11\/C2TES1-80x80.png 80w, https:\/\/www.kyk.com.tr\/wp-content\/uploads\/2025\/11\/C2TES1-300x300.png 300w, https:\/\/www.kyk.com.tr\/wp-content\/uploads\/2025\/11\/C2TES1-36x36.png 36w, https:\/\/www.kyk.com.tr\/wp-content\/uploads\/2025\/11\/C2TES1-180x180.png 180w, https:\/\/www.kyk.com.tr\/wp-content\/uploads\/2025\/11\/C2TES1-120x120.png 120w, https:\/\/www.kyk.com.tr\/wp-content\/uploads\/2025\/11\/C2TES1-450x450.png 450w, https:\/\/www.kyk.com.tr\/wp-content\/uploads\/2025\/11\/C2TES1-100x100.png 100w, https:\/\/www.kyk.com.tr\/wp-content\/uploads\/2025\/11\/C2TES1-96x96.png 96w, https:\/\/www.kyk.com.tr\/wp-content\/uploads\/2025\/11\/C2TES1.png 500w\" alt=\"\" width=\"80\" height=\"80\" \/><\/p>\n<\/div>\n<\/section>\n<\/div>\n<div class=\"flex_column av-4cenqz-8ee7c1bce08c920c018c1a3be14512b8 av_two_third  avia-builder-el-5  el_after_av_one_half  el_before_av_one_third  first flex_column_div  column-top-margin\">\n<section class=\"av_textblock_section av-mgiafiur-49978626c4d1979de9eb2607f65139b1 \">\n<div class=\"avia_textblock\">\n<h4><span id=\"\u00fcr\u00fcn-avantajlari\"><\/span>\u00a0 \u00a0 \u00dcR\u00dcN AVANTAJLARI<a class=\"sps-toc-heading-copy-link\" title=\"Copy link to this heading\" href=\"https:\/\/www.kyk.com.tr\/?product=megaflex-y103#%C3%BCr%C3%BCn-avantajlari\" data-url=\"https:\/\/www.kyk.com.tr\/?product=megaflex-y103#\u00fcr\u00fcn-avantajlari\">#<\/a><\/h4>\n<\/div>\n<\/section>\n<section class=\"av_textblock_section av-mgiagcr8-402fc86bfa002f709eed4fa8b4dac39e \">\n<div class=\"avia_textblock\">\n<ul>\n<li>B\u00fcy\u00fck ebatl\u0131 kaplamalar\u0131n yap\u0131\u015ft\u0131r\u0131lmas\u0131nda kullan\u0131l\u0131r.<\/li>\n<li>Polimer katk\u0131s\u0131 sayesinde y\u00fcksek elastikiyet ve yap\u0131\u015fma g\u00fcc\u00fc sa\u011flar.<\/li>\n<li>Is\u0131 de\u011fi\u015fikliklerine, suya ve dona kar\u015f\u0131 dayan\u0131kl\u0131d\u0131r.<\/li>\n<li>A\u00e7\u0131k bekletme s\u00fcresi uzat\u0131ld\u0131\u011f\u0131 i\u00e7in \u00e7al\u0131\u015fma s\u00fcresini art\u0131r\u0131r.<\/li>\n<li>Kolay haz\u0131rlan\u0131r ve uygulan\u0131r.<\/li>\n<li>D\u00fc\u015fey uygulamalarda kayma yapmaz<\/li>\n<\/ul>\n<\/div>\n<\/section>\n<\/div>\n<div class=\"flex_column av-1v0up7-a10dd323a8248b07d359567b53efc087 av_one_third  avia-builder-el-8  el_after_av_two_third  el_before_av_toggle_container  flex_column_div  column-top-margin\">\n<section class=\"av_textblock_section av-mgiagtns-0ea520d2175ef355e9516b98ab6d1508 \">\n<div class=\"avia_textblock\">\n<h4><span id=\"teknik-belgeler\"><\/span>TEKN\u0130K BELGELER<a class=\"sps-toc-heading-copy-link\" title=\"Copy link to this heading\" href=\"https:\/\/www.kyk.com.tr\/?product=megaflex-y103#teknik-belgeler\" data-url=\"https:\/\/www.kyk.com.tr\/?product=megaflex-y103#teknik-belgeler\">#<\/a><\/h4>\n<\/div>\n<\/section>\n<section class=\"av_textblock_section av-mgiah6zf-8bad23207d358921bf48b150d352d98c \">\n<div class=\"avia_textblock\">\n<p><a class=\"alignnone\" href=\"https:\/\/www.kyk.com.tr\/wp-content\/uploads\/2025\/11\/y103_tds.pdf\" target=\"_blank\" rel=\"noopener\"><img loading=\"lazy\" decoding=\"async\" class=\"alignnone wp-image-8657 size-full\" src=\"https:\/\/www.kyk.com.tr\/wp-content\/uploads\/2025\/10\/TDS_1.jpg\" sizes=\"auto, (max-width: 410px) 100vw, 410px\" srcset=\"https:\/\/www.kyk.com.tr\/wp-content\/uploads\/2025\/10\/TDS_1.jpg 410w, https:\/\/www.kyk.com.tr\/wp-content\/uploads\/2025\/10\/TDS_1-300x30.jpg 300w\" alt=\"\" width=\"410\" height=\"41\" \/><\/a><br \/>\n<a class=\"alignnone\" href=\"https:\/\/www.kyk.com.tr\/wp-content\/uploads\/2025\/10\/y103_msds.pdf\" target=\"_blank\" rel=\"noopener\"><img loading=\"lazy\" decoding=\"async\" class=\"alignnone size-full wp-image-8656\" src=\"https:\/\/www.kyk.com.tr\/wp-content\/uploads\/2025\/10\/MSDS_1.jpg\" sizes=\"auto, (max-width: 410px) 100vw, 410px\" srcset=\"https:\/\/www.kyk.com.tr\/wp-content\/uploads\/2025\/10\/MSDS_1.jpg 410w, https:\/\/www.kyk.com.tr\/wp-content\/uploads\/2025\/10\/MSDS_1-300x30.jpg 300w\" alt=\"\" width=\"410\" height=\"41\" \/><\/a><br \/>\n<a class=\"alignnone\" href=\"https:\/\/www.kyk.com.tr\/?sdm_process_download=1&amp;download_id=9225\" target=\"_blank\" rel=\"noopener\"><img loading=\"lazy\" decoding=\"async\" class=\"alignnone wp-image-8657 size-full\" src=\"https:\/\/www.kyk.com.tr\/wp-content\/uploads\/2025\/10\/TSE.jpg\" alt=\"\" width=\"410\" height=\"41\" \/><\/a><br \/>\n<a class=\"alignnone\" href=\"https:\/\/www.kyk.com.tr\/?sdm_process_download=1&amp;download_id=9227\" target=\"_blank\" rel=\"noopener\"><img loading=\"lazy\" decoding=\"async\" class=\"alignnone size-full wp-image-8656\" src=\"https:\/\/www.kyk.com.tr\/wp-content\/uploads\/2025\/10\/CE.jpg\" alt=\"\" width=\"410\" height=\"41\" \/><\/a><\/p>\n<\/div>\n<\/section>\n<\/div>\n","protected":false},"featured_media":3188,"comment_status":"open","ping_status":"closed","template":"","meta":[],"product_brand":[142],"product_cat":[141],"product_tag":[],"class_list":{"0":"post-3187","1":"product","2":"type-product","3":"status-publish","4":"has-post-thumbnail","6":"product_brand-kyk-yapi-kimyasallari","7":"product_cat-yapistiricilar","9":"first","10":"instock","11":"shipping-taxable","12":"product-type-simple"},"_links":{"self":[{"href":"https:\/\/leadyapi.com.tr\/index.php\/wp-json\/wp\/v2\/product\/3187","targetHints":{"allow":["GET"]}}],"collection":[{"href":"https:\/\/leadyapi.com.tr\/index.php\/wp-json\/wp\/v2\/product"}],"about":[{"href":"https:\/\/leadyapi.com.tr\/index.php\/wp-json\/wp\/v2\/types\/product"}],"replies":[{"embeddable":true,"href":"https:\/\/leadyapi.com.tr\/index.php\/wp-json\/wp\/v2\/comments?post=3187"}],"wp:featuredmedia":[{"embeddable":true,"href":"https:\/\/leadyapi.com.tr\/index.php\/wp-json\/wp\/v2\/media\/3188"}],"wp:attachment":[{"href":"https:\/\/leadyapi.com.tr\/index.php\/wp-json\/wp\/v2\/media?parent=3187"}],"wp:term":[{"taxonomy":"product_brand","embeddable":true,"href":"https:\/\/leadyapi.com.tr\/index.php\/wp-json\/wp\/v2\/product_brand?post=3187"},{"taxonomy":"product_cat","embeddable":true,"href":"https:\/\/leadyapi.com.tr\/index.php\/wp-json\/wp\/v2\/product_cat?post=3187"},{"taxonomy":"product_tag","embeddable":true,"href":"https:\/\/leadyapi.com.tr\/index.php\/wp-json\/wp\/v2\/product_tag?post=3187"}],"curies":[{"name":"wp","href":"https:\/\/api.w.org\/{rel}","templated":true}]}}