{"id":3177,"date":"2026-01-04T15:35:12","date_gmt":"2026-01-04T12:35:12","guid":{"rendered":"https:\/\/leadyapi.com.tr\/?post_type=product&#038;p=3177"},"modified":"2026-01-04T15:35:12","modified_gmt":"2026-01-04T12:35:12","slug":"megapro-y117","status":"publish","type":"product","link":"https:\/\/leadyapi.com.tr\/index.php\/urun\/megapro-y117\/","title":{"rendered":"MegaPro Y117"},"content":{"rendered":"","protected":false},"excerpt":{"rendered":"<div class=\"flex_column av-59xsqu-74e8739923c8862ee9eda36ff392694a av_one_half  avia-builder-el-2  el_after_av_one_third  el_before_av_two_third  flex_column_div  \">\n<section class=\"av_textblock_section av-mgibsmkf-9958ba61641af36cbba4a4639d593df0 \">\n<div class=\"avia_textblock\">\n<p><strong>\u00c7imento ve polimer em\u00fclsiyon esasl\u0131, \u00e7ift bile\u015fenli, kayma \u00f6zelli\u011fi azalt\u0131lm\u0131\u015f, y\u00fcksek yap\u0131\u015fma g\u00fcc\u00fc ve \u00e7ok y\u00fcksek elastikiyet \u00f6zelli\u011fine sahip, \u00e7al\u0131\u015fma s\u00fcresi uzat\u0131lm\u0131\u015f, \u0131s\u0131 de\u011fi\u015fikli\u011fine, suya ve dona dayan\u0131kl\u0131, geli\u015ftirilmi\u015f, h\u0131zl\u0131 donma \u00f6zelli\u011fine sahip, seramik, granit seramik, granit, mermer, do\u011fal ta\u015f, porselen gibi b\u00fcy\u00fck ebatl\u0131 kaplama malzemesi\u00a0C2FTE S2\u00a0s\u0131n\u0131f\u0131 yap\u0131\u015ft\u0131rma harc\u0131d\u0131r.<\/strong><\/p>\n<p><img loading=\"lazy\" decoding=\"async\" class=\"alignnone size-thumbnail wp-image-9563\" src=\"https:\/\/www.kyk.com.tr\/wp-content\/uploads\/2025\/11\/C2FTES2-80x80.png\" sizes=\"auto, (max-width: 80px) 100vw, 80px\" srcset=\"https:\/\/www.kyk.com.tr\/wp-content\/uploads\/2025\/11\/C2FTES2-80x80.png 80w, https:\/\/www.kyk.com.tr\/wp-content\/uploads\/2025\/11\/C2FTES2-300x300.png 300w, https:\/\/www.kyk.com.tr\/wp-content\/uploads\/2025\/11\/C2FTES2-36x36.png 36w, https:\/\/www.kyk.com.tr\/wp-content\/uploads\/2025\/11\/C2FTES2-180x180.png 180w, https:\/\/www.kyk.com.tr\/wp-content\/uploads\/2025\/11\/C2FTES2-120x120.png 120w, https:\/\/www.kyk.com.tr\/wp-content\/uploads\/2025\/11\/C2FTES2-450x450.png 450w, https:\/\/www.kyk.com.tr\/wp-content\/uploads\/2025\/11\/C2FTES2-100x100.png 100w, https:\/\/www.kyk.com.tr\/wp-content\/uploads\/2025\/11\/C2FTES2-96x96.png 96w, https:\/\/www.kyk.com.tr\/wp-content\/uploads\/2025\/11\/C2FTES2.png 500w\" alt=\"\" width=\"80\" height=\"80\" \/><\/p>\n<\/div>\n<\/section>\n<\/div>\n<div class=\"flex_column av-3z1p52-cb25bb7fb6093530cf41875489d36745 av_two_third  avia-builder-el-5  el_after_av_one_half  el_before_av_one_third  first flex_column_div  column-top-margin\">\n<section class=\"av_textblock_section av-mgibthig-8f9bb6c38a4ebc92fa6cce285b817c7e \">\n<div class=\"avia_textblock\">\n<h4><span id=\"\u00fcr\u00fcn-avantajlari\"><\/span>\u00a0 \u00a0 \u00dcR\u00dcN AVANTAJLARI<a class=\"sps-toc-heading-copy-link\" title=\"Copy link to this heading\" href=\"https:\/\/www.kyk.com.tr\/?product=megapro-y117#%C3%BCr%C3%BCn-avantajlari\" data-url=\"https:\/\/www.kyk.com.tr\/?product=megapro-y117#\u00fcr\u00fcn-avantajlari\">#<\/a><\/h4>\n<\/div>\n<\/section>\n<section class=\"av_textblock_section av-mgibu46q-2d23af9cc04e55d1549404a87fe1b39a \">\n<div class=\"avia_textblock\">\n<ul>\n<li>H\u0131zl\u0131 priz al\u0131r.<\/li>\n<li>B\u00fcy\u00fck ebatl\u0131 ve kal\u0131n kaplamalar\u0131n yap\u0131\u015ft\u0131r\u0131lmas\u0131nda kullan\u0131l\u0131r.<\/li>\n<li>Polimer katk\u0131s\u0131 sayesinde \u00e7ok y\u00fcksek elastikiyet ve yap\u0131\u015fma g\u00fcc\u00fc sa\u011flar.<\/li>\n<li>Is\u0131 de\u011fi\u015fikliklerine, suya ve dona kar\u015f\u0131 dayan\u0131kl\u0131d\u0131r.<\/li>\n<li>A\u00e7\u0131k bekletme s\u00fcresi uzat\u0131ld\u0131\u011f\u0131 i\u00e7in \u00e7al\u0131\u015fma s\u00fcresini art\u0131r\u0131r.<\/li>\n<li>Kolay haz\u0131rlan\u0131r ve uygulan\u0131r.<\/li>\n<li>D\u00fc\u015fey uygulamalarda kayma yapmaz.<\/li>\n<\/ul>\n<\/div>\n<\/section>\n<\/div>\n<div class=\"flex_column av-2o08mu-fabef7c4064c1ff3385c209e179dbaab av_one_third  avia-builder-el-8  el_after_av_two_third  el_before_av_toggle_container  flex_column_div  column-top-margin\">\n<section class=\"av_textblock_section av-mgibuemq-e9813ac88d82ca405e98aaab2c2a4338 \">\n<div class=\"avia_textblock\">\n<h4><span id=\"teknik-belgeler\"><\/span>TEKN\u0130K BELGELER<a class=\"sps-toc-heading-copy-link\" title=\"Copy link to this heading\" href=\"https:\/\/www.kyk.com.tr\/?product=megapro-y117#teknik-belgeler\" data-url=\"https:\/\/www.kyk.com.tr\/?product=megapro-y117#teknik-belgeler\">#<\/a><\/h4>\n<\/div>\n<\/section>\n<section class=\"av_textblock_section av-mgibuqqq-a1aff40a0e2b3c11778d8dd6e4e3c531 \">\n<div class=\"avia_textblock\">\n<p><a class=\"alignnone\" href=\"https:\/\/www.kyk.com.tr\/wp-content\/uploads\/2025\/11\/y117_tds.pdf\" target=\"_blank\" rel=\"noopener\"><img loading=\"lazy\" decoding=\"async\" class=\"alignnone wp-image-8657 size-full\" src=\"https:\/\/www.kyk.com.tr\/wp-content\/uploads\/2025\/10\/TDS_1.jpg\" sizes=\"auto, (max-width: 410px) 100vw, 410px\" srcset=\"https:\/\/www.kyk.com.tr\/wp-content\/uploads\/2025\/10\/TDS_1.jpg 410w, https:\/\/www.kyk.com.tr\/wp-content\/uploads\/2025\/10\/TDS_1-300x30.jpg 300w\" alt=\"\" width=\"410\" height=\"41\" \/><\/a><br \/>\n<a class=\"alignnone\" href=\"https:\/\/www.kyk.com.tr\/wp-content\/uploads\/2025\/10\/y117_msds.pdf\" target=\"_blank\" rel=\"noopener\"><img loading=\"lazy\" decoding=\"async\" class=\"alignnone size-full wp-image-8656\" src=\"https:\/\/www.kyk.com.tr\/wp-content\/uploads\/2025\/10\/MSDS_1.jpg\" sizes=\"auto, (max-width: 410px) 100vw, 410px\" srcset=\"https:\/\/www.kyk.com.tr\/wp-content\/uploads\/2025\/10\/MSDS_1.jpg 410w, https:\/\/www.kyk.com.tr\/wp-content\/uploads\/2025\/10\/MSDS_1-300x30.jpg 300w\" alt=\"\" width=\"410\" height=\"41\" \/><\/a><br \/>\n<a class=\"alignnone\" href=\"https:\/\/www.kyk.com.tr\/?sdm_process_download=1&amp;download_id=9251\" target=\"_blank\" rel=\"noopener\"><img loading=\"lazy\" decoding=\"async\" class=\"alignnone size-full wp-image-8656\" src=\"https:\/\/www.kyk.com.tr\/wp-content\/uploads\/2025\/10\/CE.jpg\" alt=\"\" width=\"410\" height=\"41\" \/><\/a><\/p>\n<\/div>\n<\/section>\n<\/div>\n","protected":false},"featured_media":3178,"comment_status":"open","ping_status":"closed","template":"","meta":[],"product_brand":[142],"product_cat":[141],"product_tag":[],"class_list":{"0":"post-3177","1":"product","2":"type-product","3":"status-publish","4":"has-post-thumbnail","6":"product_brand-kyk-yapi-kimyasallari","7":"product_cat-yapistiricilar","9":"first","10":"instock","11":"shipping-taxable","12":"product-type-simple"},"_links":{"self":[{"href":"https:\/\/leadyapi.com.tr\/index.php\/wp-json\/wp\/v2\/product\/3177","targetHints":{"allow":["GET"]}}],"collection":[{"href":"https:\/\/leadyapi.com.tr\/index.php\/wp-json\/wp\/v2\/product"}],"about":[{"href":"https:\/\/leadyapi.com.tr\/index.php\/wp-json\/wp\/v2\/types\/product"}],"replies":[{"embeddable":true,"href":"https:\/\/leadyapi.com.tr\/index.php\/wp-json\/wp\/v2\/comments?post=3177"}],"wp:featuredmedia":[{"embeddable":true,"href":"https:\/\/leadyapi.com.tr\/index.php\/wp-json\/wp\/v2\/media\/3178"}],"wp:attachment":[{"href":"https:\/\/leadyapi.com.tr\/index.php\/wp-json\/wp\/v2\/media?parent=3177"}],"wp:term":[{"taxonomy":"product_brand","embeddable":true,"href":"https:\/\/leadyapi.com.tr\/index.php\/wp-json\/wp\/v2\/product_brand?post=3177"},{"taxonomy":"product_cat","embeddable":true,"href":"https:\/\/leadyapi.com.tr\/index.php\/wp-json\/wp\/v2\/product_cat?post=3177"},{"taxonomy":"product_tag","embeddable":true,"href":"https:\/\/leadyapi.com.tr\/index.php\/wp-json\/wp\/v2\/product_tag?post=3177"}],"curies":[{"name":"wp","href":"https:\/\/api.w.org\/{rel}","templated":true}]}}