{"id":3175,"date":"2026-01-04T15:33:16","date_gmt":"2026-01-04T12:33:16","guid":{"rendered":"https:\/\/leadyapi.com.tr\/?post_type=product&#038;p=3175"},"modified":"2026-01-04T15:33:16","modified_gmt":"2026-01-04T12:33:16","slug":"megapro-restorasyon-y116","status":"publish","type":"product","link":"https:\/\/leadyapi.com.tr\/index.php\/urun\/megapro-restorasyon-y116\/","title":{"rendered":"MegaPro Restorasyon Y116"},"content":{"rendered":"","protected":false},"excerpt":{"rendered":"<div class=\"flex_column av-l7c6z-bc217fd770050f483036eead9f008bbd av_one_half  avia-builder-el-2  el_after_av_one_third  el_before_av_two_third  flex_column_div  \">\n<section class=\"av_textblock_section av-mgic0vet-71877c158e701f5d165813b4f3839c0b \">\n<div class=\"avia_textblock\">\n<p><strong>\u00c7imento esasl\u0131, tek bile\u015fenli, y\u00fcksek kalitede dolgu malzemesi ile \u00f6zel ba\u011flay\u0131c\u0131lar ve katk\u0131 maddeleri i\u00e7eren, eski ve tarihi yap\u0131lar\u0131n restorasyon i\u015flerinde \u00f6rg\u00fc harc\u0131 ve derz dolgu i\u015flemlerinde kullan\u0131lan, \u00e7ok y\u00f6nl\u00fc, y\u00fcksek performansl\u0131 restorasyon harc\u0131d\u0131r.<\/strong><\/p>\n<\/div>\n<\/section>\n<\/div>\n<div class=\"flex_column av-46tmaz-a1c6baa54fb05942056a79abd9186ad8 av_two_third  avia-builder-el-5  el_after_av_one_half  el_before_av_one_third  first flex_column_div  column-top-margin\">\n<section class=\"av_textblock_section av-mgic1kzi-e54dafe5f84b550068fbf28ca19499fc \">\n<div class=\"avia_textblock\">\n<h4><span id=\"\u00fcr\u00fcn-avantajlari\"><\/span>\u00a0 \u00a0 \u00dcR\u00dcN AVANTAJLARI<a class=\"sps-toc-heading-copy-link\" title=\"Copy link to this heading\" href=\"https:\/\/www.kyk.com.tr\/?product=megapro-restorasyon-y116#%C3%BCr%C3%BCn-avantajlari\" data-url=\"https:\/\/www.kyk.com.tr\/?product=megapro-restorasyon-y116#\u00fcr\u00fcn-avantajlari\">#<\/a><\/h4>\n<\/div>\n<\/section>\n<section class=\"av_textblock_section av-mgic1ztb-989a711f7cbbdf06356c67ecadb343c0 \">\n<div class=\"avia_textblock\">\n<ul>\n<li>Restorasyon \u00e7al\u0131\u015fmalar\u0131nda y\u00fcksek performans sa\u011flar.<\/li>\n<li>Kolay haz\u0131rlan\u0131r ve uygulan\u0131r.<\/li>\n<li>Yap\u0131n\u0131n do\u011fal g\u00f6r\u00fcn\u00fcm\u00fc ile uyum sa\u011flar.<\/li>\n<\/ul>\n<\/div>\n<\/section>\n<\/div>\n<div class=\"flex_column av-2lgagb-2a56f23ad8e37b514744dc1ddf113c97 av_one_third  avia-builder-el-8  el_after_av_two_third  el_before_av_toggle_container  flex_column_div  column-top-margin\">\n<section class=\"av_textblock_section av-mgic2mij-f909bad8377e4fc34d7050684d0eb444 \">\n<div class=\"avia_textblock\">\n<h4><span id=\"teknik-belgeler\"><\/span>TEKN\u0130K BELGELER<a class=\"sps-toc-heading-copy-link\" title=\"Copy link to this heading\" href=\"https:\/\/www.kyk.com.tr\/?product=megapro-restorasyon-y116#teknik-belgeler\" data-url=\"https:\/\/www.kyk.com.tr\/?product=megapro-restorasyon-y116#teknik-belgeler\">#<\/a><\/h4>\n<\/div>\n<\/section>\n<section class=\"av_textblock_section av-mgic2zhg-cf40f6268b03a7e76594b1c33f1fbfd4 \">\n<div class=\"avia_textblock\">\n<p><a class=\"alignnone\" href=\"https:\/\/www.kyk.com.tr\/wp-content\/uploads\/2025\/09\/y116_tds.pdf\" target=\"_blank\" rel=\"noopener\"><img loading=\"lazy\" decoding=\"async\" class=\"alignnone wp-image-8657 size-full\" src=\"https:\/\/www.kyk.com.tr\/wp-content\/uploads\/2025\/10\/TDS_1.jpg\" sizes=\"auto, (max-width: 410px) 100vw, 410px\" srcset=\"https:\/\/www.kyk.com.tr\/wp-content\/uploads\/2025\/10\/TDS_1.jpg 410w, https:\/\/www.kyk.com.tr\/wp-content\/uploads\/2025\/10\/TDS_1-300x30.jpg 300w\" alt=\"\" width=\"410\" height=\"41\" \/><\/a><br \/>\n<a class=\"alignnone\" href=\"https:\/\/www.kyk.com.tr\/wp-content\/uploads\/2025\/05\/y116_msds.pdf\" target=\"_blank\" rel=\"noopener\"><img loading=\"lazy\" decoding=\"async\" class=\"alignnone size-full wp-image-8656\" src=\"https:\/\/www.kyk.com.tr\/wp-content\/uploads\/2025\/10\/MSDS_1.jpg\" sizes=\"auto, (max-width: 410px) 100vw, 410px\" srcset=\"https:\/\/www.kyk.com.tr\/wp-content\/uploads\/2025\/10\/MSDS_1.jpg 410w, https:\/\/www.kyk.com.tr\/wp-content\/uploads\/2025\/10\/MSDS_1-300x30.jpg 300w\" alt=\"\" width=\"410\" height=\"41\" \/><\/a><\/p>\n<\/div>\n<\/section>\n<\/div>\n","protected":false},"featured_media":3176,"comment_status":"open","ping_status":"closed","template":"","meta":[],"product_brand":[142],"product_cat":[141],"product_tag":[],"class_list":{"0":"post-3175","1":"product","2":"type-product","3":"status-publish","4":"has-post-thumbnail","6":"product_brand-kyk-yapi-kimyasallari","7":"product_cat-yapistiricilar","9":"first","10":"instock","11":"shipping-taxable","12":"product-type-simple"},"_links":{"self":[{"href":"https:\/\/leadyapi.com.tr\/index.php\/wp-json\/wp\/v2\/product\/3175","targetHints":{"allow":["GET"]}}],"collection":[{"href":"https:\/\/leadyapi.com.tr\/index.php\/wp-json\/wp\/v2\/product"}],"about":[{"href":"https:\/\/leadyapi.com.tr\/index.php\/wp-json\/wp\/v2\/types\/product"}],"replies":[{"embeddable":true,"href":"https:\/\/leadyapi.com.tr\/index.php\/wp-json\/wp\/v2\/comments?post=3175"}],"wp:featuredmedia":[{"embeddable":true,"href":"https:\/\/leadyapi.com.tr\/index.php\/wp-json\/wp\/v2\/media\/3176"}],"wp:attachment":[{"href":"https:\/\/leadyapi.com.tr\/index.php\/wp-json\/wp\/v2\/media?parent=3175"}],"wp:term":[{"taxonomy":"product_brand","embeddable":true,"href":"https:\/\/leadyapi.com.tr\/index.php\/wp-json\/wp\/v2\/product_brand?post=3175"},{"taxonomy":"product_cat","embeddable":true,"href":"https:\/\/leadyapi.com.tr\/index.php\/wp-json\/wp\/v2\/product_cat?post=3175"},{"taxonomy":"product_tag","embeddable":true,"href":"https:\/\/leadyapi.com.tr\/index.php\/wp-json\/wp\/v2\/product_tag?post=3175"}],"curies":[{"name":"wp","href":"https:\/\/api.w.org\/{rel}","templated":true}]}}