{"id":2639,"date":"2025-11-30T18:06:41","date_gmt":"2025-11-30T15:06:41","guid":{"rendered":"https:\/\/leadyapi.com.tr\/?post_type=product&#038;p=2639"},"modified":"2025-11-30T20:54:13","modified_gmt":"2025-11-30T17:54:13","slug":"baumit-manu-4-ic-ve-dis-mekanlar-icin-el-sivasi","status":"publish","type":"product","link":"https:\/\/leadyapi.com.tr\/index.php\/urun\/baumit-manu-4-ic-ve-dis-mekanlar-icin-el-sivasi\/","title":{"rendered":"Baumit Manu 4 \u0130\u00e7 ve D\u0131\u015f Mekanlar i\u00e7in El S\u0131vas\u0131"},"content":{"rendered":"","protected":false},"excerpt":{"rendered":"<p>Baumit Manu 4 \u0130\u00e7 ve D\u0131\u015f Mekanlar i\u00e7in El S\u0131vas\u0131<\/p>\n<p>\u00c7imento esasl\u0131, y\u00fcksek nefes alma kabiliyetine ve su iticili\u011fe sahip,<br \/>\nkal\u0131n dokusu ile \u00e7ok iyi dolguya gelebilen, el ile uygulanabilen fabrika<br \/>\nkar\u0131\u015f\u0131m\u0131 haz\u0131r kaba s\u0131vad\u0131r. T\u00fcm yap\u0131larda, i\u00e7 ve d\u0131\u015f cephelerde kullan\u0131labilir.<br \/>\nTu\u011fla, gazbeton, beton, br\u00fct beton, bims duvarlar ve tavanlar i\u00e7in uygundur.<\/p>\n<p>-M\u00fckemmel dolgu kabiliyeti<br \/>\n-Paletli depolama avantaj\u0131<br \/>\n-K\u00fc\u00e7\u00fck metrajlarda haz\u0131rlama ve kullan\u0131m kolayl\u0131\u011f\u0131<\/p>\n<p>\u00dcr\u00fcn \u00e7e\u015fidi<br \/>\nPaketleme 40 kg torba<br \/>\nT\u00fcketim yakla\u015f\u0131k 16 kg\/m\u00b2\/cm<br \/>\nTane b\u00fcy\u00fckl\u00fc\u011f\u00fc = 4 mm<br \/>\nPalet 1 palet = 40 torba = 1.600 kg<\/p>\n","protected":false},"featured_media":2700,"comment_status":"open","ping_status":"closed","template":"","meta":[],"product_brand":[134],"product_cat":[105],"product_tag":[],"class_list":{"0":"post-2639","1":"product","2":"type-product","3":"status-publish","4":"has-post-thumbnail","6":"product_brand-baumit","7":"product_cat-hazir-sivalar","9":"first","10":"instock","11":"shipping-taxable","12":"purchasable","13":"product-type-simple"},"_links":{"self":[{"href":"https:\/\/leadyapi.com.tr\/index.php\/wp-json\/wp\/v2\/product\/2639","targetHints":{"allow":["GET"]}}],"collection":[{"href":"https:\/\/leadyapi.com.tr\/index.php\/wp-json\/wp\/v2\/product"}],"about":[{"href":"https:\/\/leadyapi.com.tr\/index.php\/wp-json\/wp\/v2\/types\/product"}],"replies":[{"embeddable":true,"href":"https:\/\/leadyapi.com.tr\/index.php\/wp-json\/wp\/v2\/comments?post=2639"}],"wp:featuredmedia":[{"embeddable":true,"href":"https:\/\/leadyapi.com.tr\/index.php\/wp-json\/wp\/v2\/media\/2700"}],"wp:attachment":[{"href":"https:\/\/leadyapi.com.tr\/index.php\/wp-json\/wp\/v2\/media?parent=2639"}],"wp:term":[{"taxonomy":"product_brand","embeddable":true,"href":"https:\/\/leadyapi.com.tr\/index.php\/wp-json\/wp\/v2\/product_brand?post=2639"},{"taxonomy":"product_cat","embeddable":true,"href":"https:\/\/leadyapi.com.tr\/index.php\/wp-json\/wp\/v2\/product_cat?post=2639"},{"taxonomy":"product_tag","embeddable":true,"href":"https:\/\/leadyapi.com.tr\/index.php\/wp-json\/wp\/v2\/product_tag?post=2639"}],"curies":[{"name":"wp","href":"https:\/\/api.w.org\/{rel}","templated":true}]}}