{"id":2633,"date":"2025-11-30T18:04:31","date_gmt":"2025-11-30T15:04:31","guid":{"rendered":"https:\/\/leadyapi.com.tr\/?post_type=product&#038;p=2633"},"modified":"2025-12-04T18:42:16","modified_gmt":"2025-12-04T15:42:16","slug":"baumit-glemabrillant-saten-siva","status":"publish","type":"product","link":"https:\/\/leadyapi.com.tr\/index.php\/urun\/baumit-glemabrillant-saten-siva\/","title":{"rendered":"Baumit GlemaBrillant Saten S\u0131va"},"content":{"rendered":"","protected":false},"excerpt":{"rendered":"<p>Baumit GlemaBrillant Saten S\u0131va<\/p>\n<p>Beyaz \u00e7imento esasl\u0131, y\u00fcksek nefes alma kabiliyetine ve su iticili\u011fe sahip, \u00e7ok ince dokulu,<br \/>\nelle uygulanabilen fabrika kar\u0131\u015f\u0131m\u0131 saten macundur. T\u00fcm yap\u0131larda, i\u00e7 cephelerde kullan\u0131labilir.<br \/>\n\u00d6zellikle beton, kaba s\u0131va, ince s\u0131va ve mineral esasl\u0131 y\u00fczeylerde uygulan\u0131r. Y\u00fczeyin boyaya<br \/>\nhaz\u0131rlanmas\u0131 i\u00e7in p\u00fcr\u00fczs\u00fcz bir y\u00fczey elde etme amac\u0131 ile kullan\u0131l\u0131r.<\/p>\n<p>-P\u00fcr\u00fczs\u00fcz y\u00fczey<br \/>\n-Al\u00e7\u0131ya g\u00f6re daha y\u00fcksek aderans ve dayan\u0131kl\u0131l\u0131k<br \/>\n-Islak hacimler i\u00e7in uygun<\/p>\n","protected":false},"featured_media":2697,"comment_status":"open","ping_status":"closed","template":"","meta":[],"product_brand":[134],"product_cat":[105],"product_tag":[],"class_list":{"0":"post-2633","1":"product","2":"type-product","3":"status-publish","4":"has-post-thumbnail","6":"product_brand-baumit","7":"product_cat-hazir-sivalar","9":"first","10":"instock","11":"shipping-taxable","12":"purchasable","13":"product-type-simple"},"_links":{"self":[{"href":"https:\/\/leadyapi.com.tr\/index.php\/wp-json\/wp\/v2\/product\/2633","targetHints":{"allow":["GET"]}}],"collection":[{"href":"https:\/\/leadyapi.com.tr\/index.php\/wp-json\/wp\/v2\/product"}],"about":[{"href":"https:\/\/leadyapi.com.tr\/index.php\/wp-json\/wp\/v2\/types\/product"}],"replies":[{"embeddable":true,"href":"https:\/\/leadyapi.com.tr\/index.php\/wp-json\/wp\/v2\/comments?post=2633"}],"wp:featuredmedia":[{"embeddable":true,"href":"https:\/\/leadyapi.com.tr\/index.php\/wp-json\/wp\/v2\/media\/2697"}],"wp:attachment":[{"href":"https:\/\/leadyapi.com.tr\/index.php\/wp-json\/wp\/v2\/media?parent=2633"}],"wp:term":[{"taxonomy":"product_brand","embeddable":true,"href":"https:\/\/leadyapi.com.tr\/index.php\/wp-json\/wp\/v2\/product_brand?post=2633"},{"taxonomy":"product_cat","embeddable":true,"href":"https:\/\/leadyapi.com.tr\/index.php\/wp-json\/wp\/v2\/product_cat?post=2633"},{"taxonomy":"product_tag","embeddable":true,"href":"https:\/\/leadyapi.com.tr\/index.php\/wp-json\/wp\/v2\/product_tag?post=2633"}],"curies":[{"name":"wp","href":"https:\/\/api.w.org\/{rel}","templated":true}]}}