{"id":2626,"date":"2025-11-30T18:02:25","date_gmt":"2025-11-30T15:02:25","guid":{"rendered":"https:\/\/leadyapi.com.tr\/?post_type=product&#038;p=2626"},"modified":"2025-11-30T20:48:45","modified_gmt":"2025-11-30T17:48:45","slug":"entegre-sivamatik-cimento-esasli-makinali-siva-dis","status":"publish","type":"product","link":"https:\/\/leadyapi.com.tr\/index.php\/urun\/entegre-sivamatik-cimento-esasli-makinali-siva-dis\/","title":{"rendered":"Entegre S\u0131vamatik \u00c7imento Esasl\u0131 Makinal\u0131 S\u0131va D\u0131\u015f"},"content":{"rendered":"","protected":false},"excerpt":{"rendered":"<p>Entegre S\u0131vamatik \u00c7imento Esasl\u0131 Makinal\u0131 S\u0131va D\u0131\u015f<\/p>\n<p>KULLANIM ALANI<\/p>\n<p>\u0130\u00e7 ve d\u0131\u015f mekanlarda;<\/p>\n<p>Tu\u011fla,Gazbeton,Beton,Br\u00fct beton,Bims,Briket duvar ve Tavan y\u00fczeylere<br \/>\nuygulan\u0131r.<\/p>\n<p>AVANTAJLARI<\/p>\n<p>-Tek kat uygulama ile hem kaba hem de ince s\u0131va i\u015flevini g\u00f6r\u00fcr.<br \/>\n-Y\u00fcksek yap\u0131\u015fma ve dayan\u0131m mukavemetleri ile sa\u011flam bir zemin olu\u015fturur.<br \/>\n-Makine ile kolay ve h\u0131zl\u0131 uygulama olana\u011f\u0131 sa\u011flar.<br \/>\n-Geleneksel s\u0131valara g\u00f6re suya kar\u015f\u0131 daha dayan\u0131kl\u0131d\u0131r.<\/p>\n","protected":false},"featured_media":2694,"comment_status":"open","ping_status":"closed","template":"","meta":[],"product_brand":[137],"product_cat":[105],"product_tag":[],"class_list":{"0":"post-2626","1":"product","2":"type-product","3":"status-publish","4":"has-post-thumbnail","6":"product_brand-entegre","7":"product_cat-hazir-sivalar","9":"first","10":"instock","11":"shipping-taxable","12":"purchasable","13":"product-type-simple"},"_links":{"self":[{"href":"https:\/\/leadyapi.com.tr\/index.php\/wp-json\/wp\/v2\/product\/2626","targetHints":{"allow":["GET"]}}],"collection":[{"href":"https:\/\/leadyapi.com.tr\/index.php\/wp-json\/wp\/v2\/product"}],"about":[{"href":"https:\/\/leadyapi.com.tr\/index.php\/wp-json\/wp\/v2\/types\/product"}],"replies":[{"embeddable":true,"href":"https:\/\/leadyapi.com.tr\/index.php\/wp-json\/wp\/v2\/comments?post=2626"}],"wp:featuredmedia":[{"embeddable":true,"href":"https:\/\/leadyapi.com.tr\/index.php\/wp-json\/wp\/v2\/media\/2694"}],"wp:attachment":[{"href":"https:\/\/leadyapi.com.tr\/index.php\/wp-json\/wp\/v2\/media?parent=2626"}],"wp:term":[{"taxonomy":"product_brand","embeddable":true,"href":"https:\/\/leadyapi.com.tr\/index.php\/wp-json\/wp\/v2\/product_brand?post=2626"},{"taxonomy":"product_cat","embeddable":true,"href":"https:\/\/leadyapi.com.tr\/index.php\/wp-json\/wp\/v2\/product_cat?post=2626"},{"taxonomy":"product_tag","embeddable":true,"href":"https:\/\/leadyapi.com.tr\/index.php\/wp-json\/wp\/v2\/product_tag?post=2626"}],"curies":[{"name":"wp","href":"https:\/\/api.w.org\/{rel}","templated":true}]}}