{"id":2600,"date":"2025-11-30T17:43:07","date_gmt":"2025-11-30T14:43:07","guid":{"rendered":"https:\/\/leadyapi.com.tr\/?post_type=product&#038;p=2600"},"modified":"2025-11-30T20:25:43","modified_gmt":"2025-11-30T17:25:43","slug":"z-fuga-profil","status":"publish","type":"product","link":"https:\/\/leadyapi.com.tr\/index.php\/urun\/z-fuga-profil\/","title":{"rendered":"Z Fuga Profil"},"content":{"rendered":"","protected":false},"excerpt":{"rendered":"<p>Al\u00e7\u0131pan Fuga veya Al\u00e7\u0131pan Z Profili diye de bilenen Asma Tavan Fuga Profilleri<br \/>\nAsma tavan duvar birle\u015fimlerinde veya duvar ve duvar birle\u015fimlerinde<br \/>\n\u00e7atlamalar\u0131n engellenmesi i\u00e7in kullan\u0131l\u0131r.<br \/>\nSeramik kapl\u0131 duvar uygulamalar\u0131nda da kesilen seramiklerin fuga i\u00e7erisinde gizlenmesi<br \/>\nsa\u011flanarak dekoratif bir g\u00f6r\u00fcnt\u00fc olu\u015fturur.<\/p>\n","protected":false},"featured_media":2675,"comment_status":"open","ping_status":"closed","template":"","meta":[],"product_brand":[],"product_cat":[72],"product_tag":[],"class_list":{"0":"post-2600","1":"product","2":"type-product","3":"status-publish","4":"has-post-thumbnail","6":"product_cat-fuga-profilleri","8":"first","9":"instock","10":"shipping-taxable","11":"purchasable","12":"product-type-simple"},"_links":{"self":[{"href":"https:\/\/leadyapi.com.tr\/index.php\/wp-json\/wp\/v2\/product\/2600","targetHints":{"allow":["GET"]}}],"collection":[{"href":"https:\/\/leadyapi.com.tr\/index.php\/wp-json\/wp\/v2\/product"}],"about":[{"href":"https:\/\/leadyapi.com.tr\/index.php\/wp-json\/wp\/v2\/types\/product"}],"replies":[{"embeddable":true,"href":"https:\/\/leadyapi.com.tr\/index.php\/wp-json\/wp\/v2\/comments?post=2600"}],"wp:featuredmedia":[{"embeddable":true,"href":"https:\/\/leadyapi.com.tr\/index.php\/wp-json\/wp\/v2\/media\/2675"}],"wp:attachment":[{"href":"https:\/\/leadyapi.com.tr\/index.php\/wp-json\/wp\/v2\/media?parent=2600"}],"wp:term":[{"taxonomy":"product_brand","embeddable":true,"href":"https:\/\/leadyapi.com.tr\/index.php\/wp-json\/wp\/v2\/product_brand?post=2600"},{"taxonomy":"product_cat","embeddable":true,"href":"https:\/\/leadyapi.com.tr\/index.php\/wp-json\/wp\/v2\/product_cat?post=2600"},{"taxonomy":"product_tag","embeddable":true,"href":"https:\/\/leadyapi.com.tr\/index.php\/wp-json\/wp\/v2\/product_tag?post=2600"}],"curies":[{"name":"wp","href":"https:\/\/api.w.org\/{rel}","templated":true}]}}