{"id":2598,"date":"2025-11-30T17:42:18","date_gmt":"2025-11-30T14:42:18","guid":{"rendered":"https:\/\/leadyapi.com.tr\/?post_type=product&#038;p=2598"},"modified":"2025-11-30T20:24:39","modified_gmt":"2025-11-30T17:24:39","slug":"seramik-derz-takozu-ve-klipsi","status":"publish","type":"product","link":"https:\/\/leadyapi.com.tr\/index.php\/urun\/seramik-derz-takozu-ve-klipsi\/","title":{"rendered":"Seramik Derz Takozu ve Klipsi"},"content":{"rendered":"","protected":false},"excerpt":{"rendered":"<p>Temel i\u015flevi, iki obje aras\u0131nda aral\u0131k olu\u015fturma, y\u00fczeyleri hizalama,<br \/>\npar\u00e7alar\u0131 sabitleme veya destekleme ve y\u00fckleri uygun \u015fekilde da\u011f\u0131tma gibi<br \/>\n\u00e7e\u015fitli mekanik ve yap\u0131sal g\u00f6revlerdir.Klipsler, seramik malzemelerin tutulmas\u0131n\u0131 sa\u011flar.<br \/>\nBu sayede seramikten ald\u0131\u011f\u0131 a\u011f\u0131rl\u0131\u011f\u0131 T profillere en iyi \u015fekilde aktarmaktad\u0131r.<br \/>\nBu do\u011frultuda bir y\u00fck aktar\u0131m\u0131 s\u00f6z konusu olmaktad\u0131r.<\/p>\n","protected":false},"featured_media":2674,"comment_status":"open","ping_status":"closed","template":"","meta":[],"product_brand":[],"product_cat":[72],"product_tag":[],"class_list":{"0":"post-2598","1":"product","2":"type-product","3":"status-publish","4":"has-post-thumbnail","6":"product_cat-fuga-profilleri","8":"first","9":"instock","10":"shipping-taxable","11":"purchasable","12":"product-type-simple"},"_links":{"self":[{"href":"https:\/\/leadyapi.com.tr\/index.php\/wp-json\/wp\/v2\/product\/2598","targetHints":{"allow":["GET"]}}],"collection":[{"href":"https:\/\/leadyapi.com.tr\/index.php\/wp-json\/wp\/v2\/product"}],"about":[{"href":"https:\/\/leadyapi.com.tr\/index.php\/wp-json\/wp\/v2\/types\/product"}],"replies":[{"embeddable":true,"href":"https:\/\/leadyapi.com.tr\/index.php\/wp-json\/wp\/v2\/comments?post=2598"}],"wp:featuredmedia":[{"embeddable":true,"href":"https:\/\/leadyapi.com.tr\/index.php\/wp-json\/wp\/v2\/media\/2674"}],"wp:attachment":[{"href":"https:\/\/leadyapi.com.tr\/index.php\/wp-json\/wp\/v2\/media?parent=2598"}],"wp:term":[{"taxonomy":"product_brand","embeddable":true,"href":"https:\/\/leadyapi.com.tr\/index.php\/wp-json\/wp\/v2\/product_brand?post=2598"},{"taxonomy":"product_cat","embeddable":true,"href":"https:\/\/leadyapi.com.tr\/index.php\/wp-json\/wp\/v2\/product_cat?post=2598"},{"taxonomy":"product_tag","embeddable":true,"href":"https:\/\/leadyapi.com.tr\/index.php\/wp-json\/wp\/v2\/product_tag?post=2598"}],"curies":[{"name":"wp","href":"https:\/\/api.w.org\/{rel}","templated":true}]}}