{"id":2594,"date":"2025-11-30T17:40:39","date_gmt":"2025-11-30T14:40:39","guid":{"rendered":"https:\/\/leadyapi.com.tr\/?post_type=product&#038;p=2594"},"modified":"2025-11-30T20:22:34","modified_gmt":"2025-11-30T17:22:34","slug":"revizyon-mudahale-kapagi-yangina-dayanikli","status":"publish","type":"product","link":"https:\/\/leadyapi.com.tr\/index.php\/urun\/revizyon-mudahale-kapagi-yangina-dayanikli\/","title":{"rendered":"Revizyon M\u00fcdahale Kapa\u011f\u0131 Yang\u0131na Dayan\u0131kl\u0131"},"content":{"rendered":"","protected":false},"excerpt":{"rendered":"<p>Revizyon m\u00fcdahale kapaklar\u0131 yang\u0131na dayan\u0131kl\u0131 binalarda m\u00fcdahale edilmesini<br \/>\ngerektirebilecek yerlere (vanalar\u0131n, elektrik kablo ana ba\u011flant\u0131lar\u0131n\u0131n oldu\u011fu vb. yerlere)<br \/>\nkonularak bu b\u00f6lgelerde m\u00fcdahale ihtimalinin olu\u015fmas\u0131 durumunda m\u00fcdahale edilmesini<br \/>\nm\u00fcmk\u00fcn k\u0131lmak i\u00e7in kullan\u0131l\u0131r.M\u00fcdahale edilme durumu ortaya \u00e7\u0131kt\u0131\u011f\u0131 zaman kolay bir bi\u00e7imde<br \/>\na\u00e7\u0131labilirken iste\u011fe g\u00f6re \u00fczeri boya ve seramik gibi malzemelerle kaplanabilmektedir.<\/p>\n","protected":false},"featured_media":2672,"comment_status":"open","ping_status":"closed","template":"","meta":[],"product_brand":[],"product_cat":[72],"product_tag":[],"class_list":{"0":"post-2594","1":"product","2":"type-product","3":"status-publish","4":"has-post-thumbnail","6":"product_cat-fuga-profilleri","8":"first","9":"instock","10":"shipping-taxable","11":"purchasable","12":"product-type-simple"},"_links":{"self":[{"href":"https:\/\/leadyapi.com.tr\/index.php\/wp-json\/wp\/v2\/product\/2594","targetHints":{"allow":["GET"]}}],"collection":[{"href":"https:\/\/leadyapi.com.tr\/index.php\/wp-json\/wp\/v2\/product"}],"about":[{"href":"https:\/\/leadyapi.com.tr\/index.php\/wp-json\/wp\/v2\/types\/product"}],"replies":[{"embeddable":true,"href":"https:\/\/leadyapi.com.tr\/index.php\/wp-json\/wp\/v2\/comments?post=2594"}],"wp:featuredmedia":[{"embeddable":true,"href":"https:\/\/leadyapi.com.tr\/index.php\/wp-json\/wp\/v2\/media\/2672"}],"wp:attachment":[{"href":"https:\/\/leadyapi.com.tr\/index.php\/wp-json\/wp\/v2\/media?parent=2594"}],"wp:term":[{"taxonomy":"product_brand","embeddable":true,"href":"https:\/\/leadyapi.com.tr\/index.php\/wp-json\/wp\/v2\/product_brand?post=2594"},{"taxonomy":"product_cat","embeddable":true,"href":"https:\/\/leadyapi.com.tr\/index.php\/wp-json\/wp\/v2\/product_cat?post=2594"},{"taxonomy":"product_tag","embeddable":true,"href":"https:\/\/leadyapi.com.tr\/index.php\/wp-json\/wp\/v2\/product_tag?post=2594"}],"curies":[{"name":"wp","href":"https:\/\/api.w.org\/{rel}","templated":true}]}}