{"id":2582,"date":"2025-11-30T17:36:18","date_gmt":"2025-11-30T14:36:18","guid":{"rendered":"https:\/\/leadyapi.com.tr\/?post_type=product&#038;p=2582"},"modified":"2025-11-30T20:16:03","modified_gmt":"2025-11-30T17:16:03","slug":"aluminyum-kutu-mastar-2","status":"publish","type":"product","link":"https:\/\/leadyapi.com.tr\/index.php\/urun\/aluminyum-kutu-mastar-2\/","title":{"rendered":"Al\u00fcminyum Kutu Mastar"},"content":{"rendered":"","protected":false},"excerpt":{"rendered":"<p>AL\u00dcM\u0130NYUM KUTU MASTAR<\/p>\n<p>Al\u00e7\u0131 ve \u00e7imento s\u0131van\u0131n terazisinde yap\u0131lmas\u0131n\u0131 sa\u011flar dayan\u0131kl\u0131d\u0131r,<br \/>\nuzun s\u00fcre kullan\u0131labilir.<br \/>\nAl\u00fcminyum kutu mastarlar, in\u015faat, marangozluk,<br \/>\nmobilya yap\u0131m\u0131 ve di\u011fer end\u00fcstriyel alanlarda do\u011fru \u00f6l\u00e7\u00fcmler<br \/>\nyapmak i\u00e7in kullan\u0131lan bir \u00f6l\u00e7\u00fcm arac\u0131d\u0131r.<br \/>\nBu t\u00fcr mastarlar, genellikle al\u00fcminyumdan yap\u0131lm\u0131\u015f ve \u00e7e\u015fitli<br \/>\nuzunluklarda ve kesitlerde bulunabilirler.<\/p>\n<p>Al\u00fcminyum kutu mastarlar, yap\u0131 in\u015faat\u0131nda duvar, zemin, tavan ve di\u011fer yap\u0131 elemanlar\u0131n\u0131n<br \/>\nstandartlar\u0131 ve bile\u015fenleri i\u00e7in kullan\u0131l\u0131r.<br \/>\nAyr\u0131ca duvarlar\u0131n d\u00fczg\u00fcnl\u00fc\u011f\u00fcn\u00fc kontrol etmek i\u00e7in de kullan\u0131labilirler.<\/p>\n","protected":false},"featured_media":2666,"comment_status":"open","ping_status":"closed","template":"","meta":[],"product_brand":[],"product_cat":[72],"product_tag":[],"class_list":{"0":"post-2582","1":"product","2":"type-product","3":"status-publish","4":"has-post-thumbnail","6":"product_cat-fuga-profilleri","8":"first","9":"instock","10":"shipping-taxable","11":"purchasable","12":"product-type-simple"},"_links":{"self":[{"href":"https:\/\/leadyapi.com.tr\/index.php\/wp-json\/wp\/v2\/product\/2582","targetHints":{"allow":["GET"]}}],"collection":[{"href":"https:\/\/leadyapi.com.tr\/index.php\/wp-json\/wp\/v2\/product"}],"about":[{"href":"https:\/\/leadyapi.com.tr\/index.php\/wp-json\/wp\/v2\/types\/product"}],"replies":[{"embeddable":true,"href":"https:\/\/leadyapi.com.tr\/index.php\/wp-json\/wp\/v2\/comments?post=2582"}],"wp:featuredmedia":[{"embeddable":true,"href":"https:\/\/leadyapi.com.tr\/index.php\/wp-json\/wp\/v2\/media\/2666"}],"wp:attachment":[{"href":"https:\/\/leadyapi.com.tr\/index.php\/wp-json\/wp\/v2\/media?parent=2582"}],"wp:term":[{"taxonomy":"product_brand","embeddable":true,"href":"https:\/\/leadyapi.com.tr\/index.php\/wp-json\/wp\/v2\/product_brand?post=2582"},{"taxonomy":"product_cat","embeddable":true,"href":"https:\/\/leadyapi.com.tr\/index.php\/wp-json\/wp\/v2\/product_cat?post=2582"},{"taxonomy":"product_tag","embeddable":true,"href":"https:\/\/leadyapi.com.tr\/index.php\/wp-json\/wp\/v2\/product_tag?post=2582"}],"curies":[{"name":"wp","href":"https:\/\/api.w.org\/{rel}","templated":true}]}}