{"id":2580,"date":"2025-11-30T17:35:41","date_gmt":"2025-11-30T14:35:41","guid":{"rendered":"https:\/\/leadyapi.com.tr\/?post_type=product&#038;p=2580"},"modified":"2025-11-30T20:14:50","modified_gmt":"2025-11-30T17:14:50","slug":"aluminyum-bicak-mastar","status":"publish","type":"product","link":"https:\/\/leadyapi.com.tr\/index.php\/urun\/aluminyum-bicak-mastar\/","title":{"rendered":"Al\u00fcminyum B\u0131\u00e7ak Mastar"},"content":{"rendered":"","protected":false},"excerpt":{"rendered":"<p>AL\u00dcM\u0130NYUM BI\u00c7AK MASTAR<\/p>\n<p>Al\u00fcminyum b\u0131\u00e7ak mastar, in\u015faat ve dekorasyon alanlar\u0131nda y\u00fczey d\u00fczle\u015ftirme<br \/>\ni\u015flemlerinde olduk\u00e7a kullan\u0131\u015fl\u0131 ve profesyonel sonu\u00e7lar sunan bir ara\u00e7t\u0131r.<br \/>\n\u00d6zellikle al\u00e7\u0131 ve s\u0131va uygulamalar\u0131nda p\u00fcr\u00fczs\u00fcz bir y\u00fczey elde etmeyi kolayla\u015ft\u0131r\u0131r.<br \/>\nHafif ve dayan\u0131kl\u0131 yap\u0131s\u0131 sayesinde uzun \u00f6m\u00fcrl\u00fc olup,<br \/>\nergonomik tasar\u0131m\u0131yla da kullan\u0131c\u0131ya rahatl\u0131k sa\u011flar.<\/p>\n","protected":false},"featured_media":2665,"comment_status":"open","ping_status":"closed","template":"","meta":[],"product_brand":[],"product_cat":[72],"product_tag":[],"class_list":{"0":"post-2580","1":"product","2":"type-product","3":"status-publish","4":"has-post-thumbnail","6":"product_cat-fuga-profilleri","8":"first","9":"instock","10":"shipping-taxable","11":"purchasable","12":"product-type-simple"},"_links":{"self":[{"href":"https:\/\/leadyapi.com.tr\/index.php\/wp-json\/wp\/v2\/product\/2580","targetHints":{"allow":["GET"]}}],"collection":[{"href":"https:\/\/leadyapi.com.tr\/index.php\/wp-json\/wp\/v2\/product"}],"about":[{"href":"https:\/\/leadyapi.com.tr\/index.php\/wp-json\/wp\/v2\/types\/product"}],"replies":[{"embeddable":true,"href":"https:\/\/leadyapi.com.tr\/index.php\/wp-json\/wp\/v2\/comments?post=2580"}],"wp:featuredmedia":[{"embeddable":true,"href":"https:\/\/leadyapi.com.tr\/index.php\/wp-json\/wp\/v2\/media\/2665"}],"wp:attachment":[{"href":"https:\/\/leadyapi.com.tr\/index.php\/wp-json\/wp\/v2\/media?parent=2580"}],"wp:term":[{"taxonomy":"product_brand","embeddable":true,"href":"https:\/\/leadyapi.com.tr\/index.php\/wp-json\/wp\/v2\/product_brand?post=2580"},{"taxonomy":"product_cat","embeddable":true,"href":"https:\/\/leadyapi.com.tr\/index.php\/wp-json\/wp\/v2\/product_cat?post=2580"},{"taxonomy":"product_tag","embeddable":true,"href":"https:\/\/leadyapi.com.tr\/index.php\/wp-json\/wp\/v2\/product_tag?post=2580"}],"curies":[{"name":"wp","href":"https:\/\/api.w.org\/{rel}","templated":true}]}}