{"id":2427,"date":"2025-11-30T16:31:12","date_gmt":"2025-11-30T13:31:12","guid":{"rendered":"https:\/\/leadyapi.com.tr\/?post_type=product&#038;p=2427"},"modified":"2025-11-30T16:31:12","modified_gmt":"2025-11-30T13:31:12","slug":"eps-tavan-lamba-gobekleri-salyangoz","status":"publish","type":"product","link":"https:\/\/leadyapi.com.tr\/index.php\/urun\/eps-tavan-lamba-gobekleri-salyangoz\/","title":{"rendered":"EPS TAVAN LAMBA G\u00d6BEKLER\u0130 SALYANGOZ"},"content":{"rendered":"","protected":false},"excerpt":{"rendered":"<p>EPS TAVAN LAMBA G\u00d6BEKLER\u0130 SALYANGOZ<\/p>\n<p>Tavan g\u00f6be\u011fi, ayd\u0131nlatmalar\u0131n ortas\u0131nda dekoratif ama\u00e7l\u0131 ve \u0131\u015f\u0131k<br \/>\nyans\u0131mas\u0131n\u0131n daha iyi olmas\u0131 i\u00e7in, tavanlarda s\u00fcsleme olarak kullan\u0131l\u0131r.<br \/>\nFarkl\u0131 ebat ve \u00e7aplarda olabilir.<br \/>\nHafif ve uygulamas\u0131 kolayd\u0131r.Yap\u0131t\u0131rma al\u00e7\u0131s\u0131,Kartonpiyer al\u00e7\u0131s\u0131,mastikler<br \/>\nile kolayca yap\u0131\u015ft\u0131r\u0131labilir.Y\u00fczeyi su bazl\u0131 boyalar ile boyan\u0131r.<\/p>\n","protected":false},"featured_media":2428,"comment_status":"open","ping_status":"closed","template":"","meta":[],"product_brand":[133],"product_cat":[88],"product_tag":[],"class_list":{"0":"post-2427","1":"product","2":"type-product","3":"status-publish","4":"has-post-thumbnail","6":"product_brand-abs","7":"product_cat-mimari-ve-dekorasyon-urunleri","9":"first","10":"instock","11":"shipping-taxable","12":"purchasable","13":"product-type-simple"},"_links":{"self":[{"href":"https:\/\/leadyapi.com.tr\/index.php\/wp-json\/wp\/v2\/product\/2427","targetHints":{"allow":["GET"]}}],"collection":[{"href":"https:\/\/leadyapi.com.tr\/index.php\/wp-json\/wp\/v2\/product"}],"about":[{"href":"https:\/\/leadyapi.com.tr\/index.php\/wp-json\/wp\/v2\/types\/product"}],"replies":[{"embeddable":true,"href":"https:\/\/leadyapi.com.tr\/index.php\/wp-json\/wp\/v2\/comments?post=2427"}],"wp:featuredmedia":[{"embeddable":true,"href":"https:\/\/leadyapi.com.tr\/index.php\/wp-json\/wp\/v2\/media\/2428"}],"wp:attachment":[{"href":"https:\/\/leadyapi.com.tr\/index.php\/wp-json\/wp\/v2\/media?parent=2427"}],"wp:term":[{"taxonomy":"product_brand","embeddable":true,"href":"https:\/\/leadyapi.com.tr\/index.php\/wp-json\/wp\/v2\/product_brand?post=2427"},{"taxonomy":"product_cat","embeddable":true,"href":"https:\/\/leadyapi.com.tr\/index.php\/wp-json\/wp\/v2\/product_cat?post=2427"},{"taxonomy":"product_tag","embeddable":true,"href":"https:\/\/leadyapi.com.tr\/index.php\/wp-json\/wp\/v2\/product_tag?post=2427"}],"curies":[{"name":"wp","href":"https:\/\/api.w.org\/{rel}","templated":true}]}}