{"id":2421,"date":"2025-11-30T16:29:05","date_gmt":"2025-11-30T13:29:05","guid":{"rendered":"https:\/\/leadyapi.com.tr\/?post_type=product&#038;p=2421"},"modified":"2025-11-30T16:29:05","modified_gmt":"2025-11-30T13:29:05","slug":"eps-hazir-kartonpiyer-a-11-serisi","status":"publish","type":"product","link":"https:\/\/leadyapi.com.tr\/index.php\/urun\/eps-hazir-kartonpiyer-a-11-serisi\/","title":{"rendered":"EPS HAZIR KARTONP\u0130YER (A 11 SER\u0130S\u0130 )"},"content":{"rendered":"","protected":false},"excerpt":{"rendered":"<p>EPS HAZIR KARTONP\u0130YER (A 11 SER\u0130S\u0130 )<\/p>\n<p>EPS (Expanded Polystyre) kartonpiyerler Yap\u0131t\u0131rma al\u00e7\u0131s\u0131,Kartonpiyer al\u00e7\u0131s\u0131,<br \/>\nmastikler ile kolayca yap\u0131\u015ft\u0131r\u0131labilir.malzemelere stropiyer de denir.<br \/>\nHafif ve uygulamas\u0131 kolayd\u0131r.Yap\u0131t\u0131rma al\u00e7\u0131s\u0131,Kartonpiyer al\u00e7\u0131s\u0131,mastikler<br \/>\nile kolayca yap\u0131\u015ft\u0131r\u0131labilir.Y\u00fczeyi su bazl\u0131 boyalar ile boyan\u0131r.<\/p>\n","protected":false},"featured_media":2422,"comment_status":"open","ping_status":"closed","template":"","meta":[],"product_brand":[133],"product_cat":[88],"product_tag":[],"class_list":{"0":"post-2421","1":"product","2":"type-product","3":"status-publish","4":"has-post-thumbnail","6":"product_brand-abs","7":"product_cat-mimari-ve-dekorasyon-urunleri","9":"first","10":"instock","11":"shipping-taxable","12":"purchasable","13":"product-type-simple"},"_links":{"self":[{"href":"https:\/\/leadyapi.com.tr\/index.php\/wp-json\/wp\/v2\/product\/2421","targetHints":{"allow":["GET"]}}],"collection":[{"href":"https:\/\/leadyapi.com.tr\/index.php\/wp-json\/wp\/v2\/product"}],"about":[{"href":"https:\/\/leadyapi.com.tr\/index.php\/wp-json\/wp\/v2\/types\/product"}],"replies":[{"embeddable":true,"href":"https:\/\/leadyapi.com.tr\/index.php\/wp-json\/wp\/v2\/comments?post=2421"}],"wp:featuredmedia":[{"embeddable":true,"href":"https:\/\/leadyapi.com.tr\/index.php\/wp-json\/wp\/v2\/media\/2422"}],"wp:attachment":[{"href":"https:\/\/leadyapi.com.tr\/index.php\/wp-json\/wp\/v2\/media?parent=2421"}],"wp:term":[{"taxonomy":"product_brand","embeddable":true,"href":"https:\/\/leadyapi.com.tr\/index.php\/wp-json\/wp\/v2\/product_brand?post=2421"},{"taxonomy":"product_cat","embeddable":true,"href":"https:\/\/leadyapi.com.tr\/index.php\/wp-json\/wp\/v2\/product_cat?post=2421"},{"taxonomy":"product_tag","embeddable":true,"href":"https:\/\/leadyapi.com.tr\/index.php\/wp-json\/wp\/v2\/product_tag?post=2421"}],"curies":[{"name":"wp","href":"https:\/\/api.w.org\/{rel}","templated":true}]}}