{"id":2391,"date":"2025-11-30T16:20:00","date_gmt":"2025-11-30T13:20:00","guid":{"rendered":"https:\/\/leadyapi.com.tr\/?post_type=product&#038;p=2391"},"modified":"2025-11-30T16:20:01","modified_gmt":"2025-11-30T13:20:01","slug":"abs-alci-plaka-derz-dolgu-alcisi-25-kg","status":"publish","type":"product","link":"https:\/\/leadyapi.com.tr\/index.php\/urun\/abs-alci-plaka-derz-dolgu-alcisi-25-kg\/","title":{"rendered":"ABS Al\u00e7\u0131 Plaka Derz Dolgu Al\u00e7\u0131s\u0131 25 kg"},"content":{"rendered":"","protected":false},"excerpt":{"rendered":"<p>AL\u00c7I PLAKA DERZ DOLGU AL\u00c7ISI<\/p>\n<p>Nefes alma \u00f6zelli\u011fi<br \/>\nUzat\u0131lm\u0131\u015f \u00e7al\u0131\u015fma s\u00fcresi<br \/>\nKesintisiz ve d\u00fczg\u00fcn y\u00fczeyler<br \/>\nA1 s\u0131n\u0131f\u0131 yanmaz.<br \/>\nY\u00fcksek yap\u0131\u015fma \u00f6zelli\u011fi<br \/>\nEsneme \u00f6zelli\u011fi sayesinde \u00e7atlama yapmaz.<\/p>\n<p>KULLANIM ALANI<\/p>\n<p>Al\u00e7\u0131 plakalar\u0131n birle\u015fim yerlerindeki derzlerin doldurulmas\u0131nda kullan\u0131l\u0131r<\/p>\n","protected":false},"featured_media":2392,"comment_status":"open","ping_status":"closed","template":"","meta":[],"product_brand":[133],"product_cat":[88],"product_tag":[],"class_list":{"0":"post-2391","1":"product","2":"type-product","3":"status-publish","4":"has-post-thumbnail","6":"product_brand-abs","7":"product_cat-mimari-ve-dekorasyon-urunleri","9":"first","10":"instock","11":"shipping-taxable","12":"purchasable","13":"product-type-simple"},"_links":{"self":[{"href":"https:\/\/leadyapi.com.tr\/index.php\/wp-json\/wp\/v2\/product\/2391","targetHints":{"allow":["GET"]}}],"collection":[{"href":"https:\/\/leadyapi.com.tr\/index.php\/wp-json\/wp\/v2\/product"}],"about":[{"href":"https:\/\/leadyapi.com.tr\/index.php\/wp-json\/wp\/v2\/types\/product"}],"replies":[{"embeddable":true,"href":"https:\/\/leadyapi.com.tr\/index.php\/wp-json\/wp\/v2\/comments?post=2391"}],"wp:featuredmedia":[{"embeddable":true,"href":"https:\/\/leadyapi.com.tr\/index.php\/wp-json\/wp\/v2\/media\/2392"}],"wp:attachment":[{"href":"https:\/\/leadyapi.com.tr\/index.php\/wp-json\/wp\/v2\/media?parent=2391"}],"wp:term":[{"taxonomy":"product_brand","embeddable":true,"href":"https:\/\/leadyapi.com.tr\/index.php\/wp-json\/wp\/v2\/product_brand?post=2391"},{"taxonomy":"product_cat","embeddable":true,"href":"https:\/\/leadyapi.com.tr\/index.php\/wp-json\/wp\/v2\/product_cat?post=2391"},{"taxonomy":"product_tag","embeddable":true,"href":"https:\/\/leadyapi.com.tr\/index.php\/wp-json\/wp\/v2\/product_tag?post=2391"}],"curies":[{"name":"wp","href":"https:\/\/api.w.org\/{rel}","templated":true}]}}