{"id":2381,"date":"2025-11-30T16:17:01","date_gmt":"2025-11-30T13:17:01","guid":{"rendered":"https:\/\/leadyapi.com.tr\/?post_type=product&#038;p=2381"},"modified":"2025-11-30T16:17:01","modified_gmt":"2025-11-30T13:17:01","slug":"abs-saten-perdah-alcisi-25-kg","status":"publish","type":"product","link":"https:\/\/leadyapi.com.tr\/index.php\/urun\/abs-saten-perdah-alcisi-25-kg\/","title":{"rendered":"ABS Saten Perdah Al\u00e7\u0131s\u0131 25 kg"},"content":{"rendered":"","protected":false},"excerpt":{"rendered":"<p>SATEN PERDAH AL\u00c7ISI<\/p>\n<p>P\u00fcr\u00fczs\u00fcz bir y\u00fczey olu\u015fturur.<br \/>\nNefes alma \u00f6zelli\u011fi<br \/>\nUzat\u0131lm\u0131\u015f \u00e7al\u0131\u015fma s\u00fcresi<br \/>\nY\u00fcksek mukavemet ve yap\u0131\u015fma<br \/>\nA1 s\u0131n\u0131f\u0131 yanmaz.<\/p>\n<p>KULLANIM ALANI<\/p>\n<p>\u0130\u00e7 mek\u00e2nlarda al\u00e7\u0131 s\u0131va, al\u00e7\u0131 plaka,<br \/>\nbr\u00fct beton ve kara s\u0131va vb. y\u00fczeylerde kullan\u0131l\u0131r.<\/p>\n","protected":false},"featured_media":2382,"comment_status":"open","ping_status":"closed","template":"","meta":[],"product_brand":[133],"product_cat":[88],"product_tag":[],"class_list":{"0":"post-2381","1":"product","2":"type-product","3":"status-publish","4":"has-post-thumbnail","6":"product_brand-abs","7":"product_cat-mimari-ve-dekorasyon-urunleri","9":"first","10":"instock","11":"shipping-taxable","12":"purchasable","13":"product-type-simple"},"_links":{"self":[{"href":"https:\/\/leadyapi.com.tr\/index.php\/wp-json\/wp\/v2\/product\/2381","targetHints":{"allow":["GET"]}}],"collection":[{"href":"https:\/\/leadyapi.com.tr\/index.php\/wp-json\/wp\/v2\/product"}],"about":[{"href":"https:\/\/leadyapi.com.tr\/index.php\/wp-json\/wp\/v2\/types\/product"}],"replies":[{"embeddable":true,"href":"https:\/\/leadyapi.com.tr\/index.php\/wp-json\/wp\/v2\/comments?post=2381"}],"wp:featuredmedia":[{"embeddable":true,"href":"https:\/\/leadyapi.com.tr\/index.php\/wp-json\/wp\/v2\/media\/2382"}],"wp:attachment":[{"href":"https:\/\/leadyapi.com.tr\/index.php\/wp-json\/wp\/v2\/media?parent=2381"}],"wp:term":[{"taxonomy":"product_brand","embeddable":true,"href":"https:\/\/leadyapi.com.tr\/index.php\/wp-json\/wp\/v2\/product_brand?post=2381"},{"taxonomy":"product_cat","embeddable":true,"href":"https:\/\/leadyapi.com.tr\/index.php\/wp-json\/wp\/v2\/product_cat?post=2381"},{"taxonomy":"product_tag","embeddable":true,"href":"https:\/\/leadyapi.com.tr\/index.php\/wp-json\/wp\/v2\/product_tag?post=2381"}],"curies":[{"name":"wp","href":"https:\/\/api.w.org\/{rel}","templated":true}]}}