{"id":2374,"date":"2025-11-30T16:14:34","date_gmt":"2025-11-30T13:14:34","guid":{"rendered":"https:\/\/leadyapi.com.tr\/?post_type=product&#038;p=2374"},"modified":"2025-11-30T16:14:34","modified_gmt":"2025-11-30T13:14:34","slug":"abs-maxtreme-125-mm-darbe-nem-yangin","status":"publish","type":"product","link":"https:\/\/leadyapi.com.tr\/index.php\/urun\/abs-maxtreme-125-mm-darbe-nem-yangin\/","title":{"rendered":"ABS Maxtreme 12,5 mm Darbe, Nem, Yang\u0131n"},"content":{"rendered":"","protected":false},"excerpt":{"rendered":"<p>MAXTREME<\/p>\n<p>Tek plakada maksimum performans<br \/>\nY\u00fcksek darbe dayan\u0131m\u0131<br \/>\nYang\u0131n dayan\u0131m\u0131<br \/>\nNem ve su dayan\u0131m\u0131<br \/>\nSes yal\u0131t\u0131m\u0131<br \/>\nDo\u011faya dost<br \/>\nKolay uygulan\u0131r.<br \/>\nNakliye ve i\u015f\u00e7ilik avantaj\u0131 sa\u011flar.<\/p>\n<p>KULLANIM ALANI<\/p>\n<p>Okul, hastane, ofis, otel, koridor gibi hem kamu hem de \u00f6zel sekt\u00f6r binalar\u0131nda,<br \/>\nhasar riskinin y\u00fcksek oldu\u011fu ekstra g\u00fc\u00e7 ve dayan\u0131kl\u0131l\u0131k isteyen yerlerin yap\u0131m\u0131nda kullan\u0131l\u0131r.<\/p>\n","protected":false},"featured_media":2375,"comment_status":"open","ping_status":"closed","template":"","meta":[],"product_brand":[133],"product_cat":[88],"product_tag":[],"class_list":{"0":"post-2374","1":"product","2":"type-product","3":"status-publish","4":"has-post-thumbnail","6":"product_brand-abs","7":"product_cat-mimari-ve-dekorasyon-urunleri","9":"first","10":"instock","11":"shipping-taxable","12":"purchasable","13":"product-type-simple"},"_links":{"self":[{"href":"https:\/\/leadyapi.com.tr\/index.php\/wp-json\/wp\/v2\/product\/2374","targetHints":{"allow":["GET"]}}],"collection":[{"href":"https:\/\/leadyapi.com.tr\/index.php\/wp-json\/wp\/v2\/product"}],"about":[{"href":"https:\/\/leadyapi.com.tr\/index.php\/wp-json\/wp\/v2\/types\/product"}],"replies":[{"embeddable":true,"href":"https:\/\/leadyapi.com.tr\/index.php\/wp-json\/wp\/v2\/comments?post=2374"}],"wp:featuredmedia":[{"embeddable":true,"href":"https:\/\/leadyapi.com.tr\/index.php\/wp-json\/wp\/v2\/media\/2375"}],"wp:attachment":[{"href":"https:\/\/leadyapi.com.tr\/index.php\/wp-json\/wp\/v2\/media?parent=2374"}],"wp:term":[{"taxonomy":"product_brand","embeddable":true,"href":"https:\/\/leadyapi.com.tr\/index.php\/wp-json\/wp\/v2\/product_brand?post=2374"},{"taxonomy":"product_cat","embeddable":true,"href":"https:\/\/leadyapi.com.tr\/index.php\/wp-json\/wp\/v2\/product_cat?post=2374"},{"taxonomy":"product_tag","embeddable":true,"href":"https:\/\/leadyapi.com.tr\/index.php\/wp-json\/wp\/v2\/product_tag?post=2374"}],"curies":[{"name":"wp","href":"https:\/\/api.w.org\/{rel}","templated":true}]}}