{"id":2363,"date":"2025-11-30T16:11:21","date_gmt":"2025-11-30T13:11:21","guid":{"rendered":"https:\/\/leadyapi.com.tr\/?post_type=product&#038;p=2363"},"modified":"2025-11-30T16:11:21","modified_gmt":"2025-11-30T13:11:21","slug":"kirmizi-alcipan-abs-intreme-fr","status":"publish","type":"product","link":"https:\/\/leadyapi.com.tr\/index.php\/urun\/kirmizi-alcipan-abs-intreme-fr\/","title":{"rendered":"K\u0131rm\u0131z\u0131 Al\u00e7\u0131pan ABS Intreme Fr"},"content":{"rendered":"","protected":false},"excerpt":{"rendered":"<p>INTREME FR<\/p>\n<p>9 kg\/m\u00b2 ile en hafif yang\u0131na dayan\u0131kl\u0131 i\u00e7 mek\u00e2n al\u00e7\u0131 plakas\u0131<br \/>\nCam elyaf katk\u0131l\u0131<br \/>\nYang\u0131na dayan\u0131m<br \/>\nSa\u011flam ve dayan\u0131kl\u0131<br \/>\nEsnek ve tasar\u0131ma uygun<br \/>\nKolay uygulan\u0131r.<br \/>\nNakliye ve i\u015f\u00e7ilik avantaj\u0131 sa\u011flar.<\/p>\n<p>KULLANIM ALANI<\/p>\n<p>\u0130\u00e7 mek\u00e2nlarda \u015faft duvar\u0131, b\u00f6lme duvar,<br \/>\ngiydirme duvar ve asma tavan yap\u0131m\u0131nda kullan\u0131l\u0131r.<\/p>\n","protected":false},"featured_media":2364,"comment_status":"open","ping_status":"closed","template":"","meta":[],"product_brand":[133],"product_cat":[88],"product_tag":[],"class_list":{"0":"post-2363","1":"product","2":"type-product","3":"status-publish","4":"has-post-thumbnail","6":"product_brand-abs","7":"product_cat-mimari-ve-dekorasyon-urunleri","9":"first","10":"instock","11":"shipping-taxable","12":"purchasable","13":"product-type-simple"},"_links":{"self":[{"href":"https:\/\/leadyapi.com.tr\/index.php\/wp-json\/wp\/v2\/product\/2363","targetHints":{"allow":["GET"]}}],"collection":[{"href":"https:\/\/leadyapi.com.tr\/index.php\/wp-json\/wp\/v2\/product"}],"about":[{"href":"https:\/\/leadyapi.com.tr\/index.php\/wp-json\/wp\/v2\/types\/product"}],"replies":[{"embeddable":true,"href":"https:\/\/leadyapi.com.tr\/index.php\/wp-json\/wp\/v2\/comments?post=2363"}],"wp:featuredmedia":[{"embeddable":true,"href":"https:\/\/leadyapi.com.tr\/index.php\/wp-json\/wp\/v2\/media\/2364"}],"wp:attachment":[{"href":"https:\/\/leadyapi.com.tr\/index.php\/wp-json\/wp\/v2\/media?parent=2363"}],"wp:term":[{"taxonomy":"product_brand","embeddable":true,"href":"https:\/\/leadyapi.com.tr\/index.php\/wp-json\/wp\/v2\/product_brand?post=2363"},{"taxonomy":"product_cat","embeddable":true,"href":"https:\/\/leadyapi.com.tr\/index.php\/wp-json\/wp\/v2\/product_cat?post=2363"},{"taxonomy":"product_tag","embeddable":true,"href":"https:\/\/leadyapi.com.tr\/index.php\/wp-json\/wp\/v2\/product_tag?post=2363"}],"curies":[{"name":"wp","href":"https:\/\/api.w.org\/{rel}","templated":true}]}}