{"id":2360,"date":"2025-11-30T16:10:32","date_gmt":"2025-11-30T13:10:32","guid":{"rendered":"https:\/\/leadyapi.com.tr\/?post_type=product&#038;p=2360"},"modified":"2025-11-30T16:10:32","modified_gmt":"2025-11-30T13:10:32","slug":"abs-intreme-fit-moldstop-mwr-kuf-su-125-mm","status":"publish","type":"product","link":"https:\/\/leadyapi.com.tr\/index.php\/urun\/abs-intreme-fit-moldstop-mwr-kuf-su-125-mm\/","title":{"rendered":"ABS Intreme Fit Moldstop MWR (K\u00fcf, Su) 12,5 mm"},"content":{"rendered":"","protected":false},"excerpt":{"rendered":"<p>INTREME FIT MOLDSTOP<\/p>\n<p>5,8 kg\/m\u00b2 ile en hafif i\u00e7 mek\u00e2n al\u00e7\u0131 plakas\u0131<br \/>\nSekt\u00f6r standard\u0131 al\u00e7\u0131 plakalara g\u00f6re %30 daha hafif<br \/>\nPiyasadaki hafif al\u00e7\u0131 plakalara g\u00f6re %15 daha hafif<br \/>\nK\u00fcfe, suya ve neme dayan\u0131m<br \/>\nSa\u011flam ve dayan\u0131kl\u0131<br \/>\nEsnek ve tasar\u0131ma uygun<br \/>\nKolay uygulan\u0131r<br \/>\nNakliye ve i\u015f\u00e7ilik avantaj\u0131 sa\u011flar.<\/p>\n<p>KULLANIM ALANI<\/p>\n<p>\u0130\u00e7 mek\u00e2nlarda \u0131slak hacim ve nemli ortamlarda b\u00f6lme duvar,<br \/>\ngiydirme duvar ve asma tavan yap\u0131m\u0131nda kullan\u0131l\u0131r.<\/p>\n","protected":false},"featured_media":2361,"comment_status":"open","ping_status":"closed","template":"","meta":[],"product_brand":[133],"product_cat":[88],"product_tag":[],"class_list":{"0":"post-2360","1":"product","2":"type-product","3":"status-publish","4":"has-post-thumbnail","6":"product_brand-abs","7":"product_cat-mimari-ve-dekorasyon-urunleri","9":"first","10":"instock","11":"shipping-taxable","12":"purchasable","13":"product-type-simple"},"_links":{"self":[{"href":"https:\/\/leadyapi.com.tr\/index.php\/wp-json\/wp\/v2\/product\/2360","targetHints":{"allow":["GET"]}}],"collection":[{"href":"https:\/\/leadyapi.com.tr\/index.php\/wp-json\/wp\/v2\/product"}],"about":[{"href":"https:\/\/leadyapi.com.tr\/index.php\/wp-json\/wp\/v2\/types\/product"}],"replies":[{"embeddable":true,"href":"https:\/\/leadyapi.com.tr\/index.php\/wp-json\/wp\/v2\/comments?post=2360"}],"wp:featuredmedia":[{"embeddable":true,"href":"https:\/\/leadyapi.com.tr\/index.php\/wp-json\/wp\/v2\/media\/2361"}],"wp:attachment":[{"href":"https:\/\/leadyapi.com.tr\/index.php\/wp-json\/wp\/v2\/media?parent=2360"}],"wp:term":[{"taxonomy":"product_brand","embeddable":true,"href":"https:\/\/leadyapi.com.tr\/index.php\/wp-json\/wp\/v2\/product_brand?post=2360"},{"taxonomy":"product_cat","embeddable":true,"href":"https:\/\/leadyapi.com.tr\/index.php\/wp-json\/wp\/v2\/product_cat?post=2360"},{"taxonomy":"product_tag","embeddable":true,"href":"https:\/\/leadyapi.com.tr\/index.php\/wp-json\/wp\/v2\/product_tag?post=2360"}],"curies":[{"name":"wp","href":"https:\/\/api.w.org\/{rel}","templated":true}]}}